{"id":14,"date":"2020-06-11T07:25:21","date_gmt":"2020-06-11T07:25:21","guid":{"rendered":"http:\/\/ninzio.com\/worksquare\/?page_id=14"},"modified":"2025-04-27T16:38:07","modified_gmt":"2025-04-27T13:38:07","slug":"home-business","status":"publish","type":"page","link":"https:\/\/www.kidder.org.tr\/denetisim\/","title":{"rendered":"Ana Sayfa"},"content":{"rendered":"<div class=\"wpb-content-wrapper\"><p>[vc_row full_width=&#8221;stretch_row&#8221; canvas=&#8221;%5B%7B%22shape%22%3A%22shape-1%22%2C%22image_effect%22%3A%22style-1%22%2C%22smoothness%22%3A%2230%22%7D%5D&#8221; el_id=&#8221;slider&#8221;][vc_column]\n\t\t\t<!-- START Slider 2 REVOLUTION SLIDER 6.7.12 --><p class=\"rs-p-wp-fix\"><\/p>\n\t\t\t<rs-module-wrap id=\"rev_slider_2_1_wrapper\" data-source=\"gallery\" style=\"visibility:hidden;background:transparent;padding:0;margin:0px auto;margin-top:0;margin-bottom:0;\">\n\t\t\t\t<rs-module id=\"rev_slider_2_1\" style=\"\" data-version=\"6.7.12\">\n\t\t\t\t\t<rs-slides style=\"overflow: hidden; position: absolute;\">\n\t\t\t\t\t\t<rs-slide style=\"position: absolute;\" data-key=\"rs-12\" data-title=\"Slide\" data-thumb=\"\/\/www.kidder.org.tr\/denetisim\/wp-content\/uploads\/2022\/06\/slide.jpg\" data-link=\"\/\/www.kidder.org.tr\/denetisim\/3-uluslararasi-kamu-ic-denetim-kongresi\/\" data-tag=\"l\" data-target=\"_self\" data-seoz=\"front\" data-anim=\"adpr:false;\" data-in=\"o:0;\" data-out=\"a:false;\">\n\t\t\t\t\t\t\t<img decoding=\"async\" src=\"\/\/www.kidder.org.tr\/denetisim\/wp-content\/plugins\/revslider\/sr6\/assets\/assets\/dummy.png\" alt=\"Slide\" title=\"slide\" width=\"2400\" height=\"1080\" class=\"rev-slidebg tp-rs-img rs-lazyload\" data-lazyload=\"\/\/www.kidder.org.tr\/denetisim\/wp-content\/plugins\/revslider\/sr6\/assets\/assets\/transparent.png\" data-bg=\"c:#265085;\" data-no-retina>\n<!--\n\t\t\t\t\t\t\t--><rs-layer\n\t\t\t\t\t\t\t\tid=\"slider-2-slide-12-layer-0\" \n\t\t\t\t\t\t\t\tdata-type=\"image\"\n\t\t\t\t\t\t\t\tdata-rsp_ch=\"on\"\n\t\t\t\t\t\t\t\tdata-xy=\"x:c;y:c;\"\n\t\t\t\t\t\t\t\tdata-text=\"w:normal;\"\n\t\t\t\t\t\t\t\tdata-dim=\"w:688px;h:529px;\"\n\t\t\t\t\t\t\t\tdata-frame_999=\"o:0;st:w;\"\n\t\t\t\t\t\t\t\tstyle=\"z-index:5;\"\n\t\t\t\t\t\t\t><img decoding=\"async\" src=\"\/\/www.kidder.org.tr\/denetisim\/wp-content\/plugins\/revslider\/sr6\/assets\/assets\/dummy.png\" alt=\"\" class=\"tp-rs-img rs-lazyload\" width=\"1600\" height=\"1230\" data-lazyload=\"\/\/www.kidder.org.tr\/denetisim\/wp-content\/uploads\/2024\/06\/WhatsApp-Image-2024-05-31-at-13.18.19.jpeg\" data-no-retina> \n\t\t\t\t\t\t\t<\/rs-layer><!--\n-->\t\t\t\t\t<\/rs-slide>\n\t\t\t\t\t\t<rs-slide style=\"position: absolute;\" data-key=\"rs-11\" data-title=\"Slide\" data-thumb=\"\/\/www.kidder.org.tr\/denetisim\/wp-content\/uploads\/revslider\/mainsite\/pexels-je\u0301shoots-238118-50x100.jpg\" data-link=\"\/\/www.kidder.org.tr\/denetisim-dergimizin-32-sayisi-yayinlandi\/\" data-tag=\"l\" data-target=\"_self\" data-seoz=\"front\" data-anim=\"adpr:false;\" data-in=\"o:0;\" data-out=\"a:false;\">\n\t\t\t\t\t\t\t<img decoding=\"async\" src=\"\/\/www.kidder.org.tr\/denetisim\/wp-content\/plugins\/revslider\/sr6\/assets\/assets\/dummy.png\" alt=\"\" title=\"pexels-je\u0301shoots-238118.jpg\" width=\"1920\" height=\"1287\" class=\"rev-slidebg tp-rs-img rs-lazyload\" data-lazyload=\"\/\/www.kidder.org.tr\/denetisim\/wp-content\/uploads\/revslider\/mainsite\/pexels-je\u0301shoots-238118.jpg\" data-no-retina>\n<!--\n\t\t\t\t\t\t\t--><rs-layer\n\t\t\t\t\t\t\t\tid=\"slider-2-slide-11-layer-1\" \n\t\t\t\t\t\t\t\tdata-type=\"image\"\n\t\t\t\t\t\t\t\tdata-rsp_ch=\"on\"\n\t\t\t\t\t\t\t\tdata-xy=\"y:c;\"\n\t\t\t\t\t\t\t\tdata-text=\"w:normal;\"\n\t\t\t\t\t\t\t\tdata-dim=\"w:594px;h:446px;\"\n\t\t\t\t\t\t\t\tdata-frame_999=\"o:0;st:w;\"\n\t\t\t\t\t\t\t\tstyle=\"z-index:5;\"\n\t\t\t\t\t\t\t><img decoding=\"async\" src=\"\/\/www.kidder.org.tr\/denetisim\/wp-content\/plugins\/revslider\/sr6\/assets\/assets\/dummy.png\" alt=\"\" class=\"tp-rs-img rs-lazyload\" width=\"800\" height=\"600\" data-lazyload=\"\/\/www.kidder.org.tr\/denetisim\/wp-content\/uploads\/revslider\/mainsite\/denetisim_27-1.png\" data-no-retina> \n\t\t\t\t\t\t\t<\/rs-layer><!--\n\n\t\t\t\t\t\t\t--><rs-layer\n\t\t\t\t\t\t\t\tid=\"slider-2-slide-11-layer-3\" \n\t\t\t\t\t\t\t\tdata-type=\"text\"\n\t\t\t\t\t\t\t\tdata-color=\"#000000\"\n\t\t\t\t\t\t\t\tdata-rsp_ch=\"on\"\n\t\t\t\t\t\t\t\tdata-xy=\"x:c;xo:-158px;y:c;\"\n\t\t\t\t\t\t\t\tdata-text=\"w:normal;s:57;l:64;ls:-3;fw:800;a:center;\"\n\t\t\t\t\t\t\t\tdata-frame_999=\"o:0;st:w;\"\n\t\t\t\t\t\t\t\tstyle=\"z-index:7;font-family:'Poppins';\"\n\t\t\t\t\t\t\t>Deneti\u015fim Dergimizin <br \/>\n32. Say\u0131s\u0131 Yay\u0131nland\u0131 \n\t\t\t\t\t\t\t<\/rs-layer><!--\n\n\t\t\t\t\t\t\t--><rs-layer\n\t\t\t\t\t\t\t\tid=\"slider-2-slide-11-layer-4\" \n\t\t\t\t\t\t\t\tclass=\"rev-btn\"\n\t\t\t\t\t\t\t\tdata-type=\"button\"\n\t\t\t\t\t\t\t\tdata-color=\"#ffffff\"\n\t\t\t\t\t\t\t\tdata-rsp_ch=\"on\"\n\t\t\t\t\t\t\t\tdata-xy=\"x:748px;y:372px;\"\n\t\t\t\t\t\t\t\tdata-text=\"w:normal;l:50;fw:500;\"\n\t\t\t\t\t\t\t\tdata-dim=\"minh:0px;\"\n\t\t\t\t\t\t\t\tdata-padding=\"r:20;l:20;\"\n\t\t\t\t\t\t\t\tdata-border=\"bor:25px,25px,25px,25px;\"\n\t\t\t\t\t\t\t\tdata-frame_999=\"o:0;st:w;\"\n\t\t\t\t\t\t\t\tdata-frame_hover=\"c:#000;bgc:#fff;bor:25px,25px,25px,25px;sp:200;e:power1.inOut;\"\n\t\t\t\t\t\t\t\tstyle=\"z-index:8;background-color:rgba(0,0,0,1);font-family:'Roboto';\"\n\t\t\t\t\t\t\t> \n\t\t\t\t\t\t\t<\/rs-layer><!--\n-->\t\t\t\t\t<\/rs-slide>\n\t\t\t\t\t\t<rs-slide style=\"position: absolute;\" data-key=\"rs-2\" data-title=\"Slide\" data-thumb=\"\/\/www.kidder.org.tr\/denetisim\/wp-content\/uploads\/2020\/12\/PEJ21Z1-50x100.jpg\" data-link=\"\/\/www.kidder.org.tr\/denetisim\/makale-cagrisi\/\" data-tag=\"l\" data-target=\"_self\" data-seoz=\"front\" data-anim=\"ms:1000;r:0;\" data-in=\"o:0;\" data-out=\"a:false;\">\n\t\t\t\t\t\t\t<img decoding=\"async\" src=\"\/\/www.kidder.org.tr\/denetisim\/wp-content\/plugins\/revslider\/sr6\/assets\/assets\/dummy.png\" alt=\"\" title=\"PEJ21Z1\" width=\"2000\" height=\"1333\" class=\"rev-slidebg tp-rs-img rs-lazyload\" data-lazyload=\"\/\/www.kidder.org.tr\/denetisim\/wp-content\/uploads\/2020\/12\/PEJ21Z1.jpg\" data-no-retina>\n<!---->\t\t\t\t\t<\/rs-slide>\n\t\t\t\t\t<\/rs-slides>\n\t\t\t\t<\/rs-module>\n\t\t\t\t<script>\n\t\t\t\t\tsetREVStartSize({c: 'rev_slider_2_1',rl:[1240,1024,778,480],el:[550],gw:[1920],gh:[550],type:'standard',justify:'',layout:'fullwidth',mh:\"0\"});if (window.RS_MODULES!==undefined && window.RS_MODULES.modules!==undefined && window.RS_MODULES.modules[\"revslider21\"]!==undefined) {window.RS_MODULES.modules[\"revslider21\"].once = false;window.revapi2 = undefined;if (window.RS_MODULES.checkMinimal!==undefined) window.RS_MODULES.checkMinimal()}\n\t\t\t\t<\/script>\n\t\t\t<\/rs-module-wrap>\n\t\t\t<!-- END REVOLUTION SLIDER -->\n<div class=\"deeper-spacer clearfix\" data-config='{\"mobile\":230,\"smobile\":230}'><\/div>[\/vc_column][\/vc_row][vc_row canvas=&#8221;%5B%7B%22shape%22%3A%22shape-1%22%2C%22image_effect%22%3A%22style-1%22%2C%22smoothness%22%3A%2230%22%7D%5D&#8221; el_class=&#8221;overflow-visible&#8221; css=&#8221;.vc_custom_1672849689544{margin-top: -70px !important;}&#8221;][vc_column width=&#8221;1\/3&#8243;][\/vc_column][vc_column width=&#8221;1\/3&#8243;]<div class=\"deeper-content-box clearfix ctb-2036774843 hover-effect-1 ib-hover-effect-1\" style=\"\" data-config='{\"padding\":\"30px 35px 55px\",\"mobiPadding\":\"30px 35px 55px\",\"margin\":\"0\",\"mobiMargin\":\"0\",\"bg\":\"#ffffff\",\"round\":\"10px\",\"borderStyle\":\"solid\",\"shadow\":\"0 20px 70px 0 rgba(38,42,76,0.1)\"}'>\r\n\t\t\t\t\t<div class=\"inner \" style=\"overflow:hidden;\">\r\n\t\t\t\t\t\t<div class=\"deeper-icon-box clearfix icon-top align-center\" style=\"\" >\n\t\t\t\t\t<div class=\"deeper-icon icon-font icon-859146379\" data-config='{\"color\":\"#126aee\",\"fontSize\":\"60px\",\"margin\":\"0 0 20px -5px\"}'>\n\t\t\t\t\t\t\t<span class=\"icon-wrap \"><i class=\"fas fa-file-alt\"><\/i><\/span>\n\t\t\t\t\t\t<\/div> <h3 class=\"heading \" style=\"font-size:20px;margin-bottom:20px;\">\n\t\t\t\t\t\t<span>Online Deneti\u015fim<\/span>\n\t\t\t\t\t<\/h3> <div class=\"url-wrap  align-center\" style=\"\">\r\n\t\t\t\t\t\t\t<a class=\"deeper-link style-1 btn-1637642327\" style=\"\" href=https:\/\/dergipark.org.tr\/tr\/pub\/denetisim title=&quot;OnlineDenetiim&quot; data-config='{\"color\":\"#126aee\",\"lineColor\":\"#126aee\",\"iconColor\":\"#126aee\",\"hoverColor\":\"#1d2b36\",\"hoverLineColor\":\"#1d2b36\",\"hoverIconColor\":\"#1d2b36\",\"parentHover\":\"deeper-content-box\"}'>\r\n\t\t\t\t\t\t\t\tDevam\u0131n\u0131 Oku\r\n\t\t\t\t\t\t\t\t<span class=\"line\"><\/span>\r\n\t\t\t\t\t\t\t<\/a>\r\n\t\t\t\t\t\t<\/div>\n\t\t\t\t<\/div>\r\n\t\t\t\t\t<\/div>\r\n\t\t\t\t<\/div><div class=\"deeper-spacer clearfix\" data-config='{\"mobile\":30,\"smobile\":30}'><\/div>[\/vc_column][vc_column width=&#8221;1\/3&#8243;][\/vc_column][\/vc_row][vc_row full_width=&#8221;stretch_row&#8221; bg_custom=&#8221;row-1800&#8243; bg_color=&#8221;#e4f5fd&#8221; bg_rounded=&#8221;50px&#8221; canvas=&#8221;%5B%7B%22shape%22%3A%22shape-1%22%2C%22image_effect%22%3A%22style-1%22%2C%22smoothness%22%3A%2230%22%7D%5D&#8221; el_id=&#8221;services&#8221; css=&#8221;.vc_custom_1622459910912{padding-top: 20px !important;padding-bottom: 20px !important;background-color: #e4f5fd !important;}&#8221;][vc_column]<div class=\"deeper-spacer clearfix\" data-config='{\"desktop\":100,\"mobile\":80,\"smobile\":80}'><\/div>[\/vc_column][vc_column offset=&#8221;vc_col-md-6&#8243;]<div class=\"deeper-content-box clearfix ctb-490902815\" style=\"\" data-config='{\"padding\":\"0 35px 0 0\",\"mobiPadding\":\"0\",\"margin\":\"-10px 0 0 0\",\"mobiMargin\":\"0\",\"borderStyle\":\"solid\"}'>\r\n\t\t\t\t\t<div class=\"inner \" style=\"\">\r\n\t\t\t\t\t\t<div class=\"deeper-spacer clearfix\" data-config='{\"desktop\":40,\"mobile\":30,\"smobile\":30}'><\/div>[vc_column_text]<\/p>\n<p class=\"font-size-14 line-height-24\">Deneti\u015fim; y\u00f6neti\u015fim, i\u00e7 denetim, d\u0131\u015f denetim, risk y\u00f6netimi, i\u00e7 kontrol, BT denetimi, performans denetimi, kamu mali y\u00f6netimi, muhasebe ve stratejik planlama tematik alanlar\u0131nda akademisyen ve meslekta\u015flar\u0131m\u0131z\u0131n makale g\u00f6nderimlerine dergipark \u00fczerinden s\u00fcrekli a\u00e7\u0131kt\u0131r.<\/p>\n<p>[\/vc_column_text]<div class=\"deeper-spacer clearfix\" data-config='{\"desktop\":60,\"mobile\":50,\"smobile\":50}'><\/div><div class=\"url-wrap  align-left\">\r\n\t\t\t\t\t\t<a class=\"deeper-button button-accent medium\" style=\"\" href=https:\/\/dergipark.org.tr\/tr\/pub\/denetisim target=_blank title=&quot;DergiPark&quot; >DergiPark<\/a>\r\n\t\t\t\t\t<\/div>\r\n\t\t\t\t\t<\/div>\r\n\t\t\t\t<\/div><div class=\"deeper-spacer clearfix\" data-config='{\"mobile\":50,\"smobile\":50}'><\/div>[\/vc_column][vc_column offset=&#8221;vc_col-md-6&#8243;]<div class=\"deeper-parallax-box\"><div class=\"parallax-wrap\"><div class=\" wow fadeInUp\" data-wow-duration=\"0.75s\" data-wow-delay=\"0.3s\"><div class=\"deeper-parallax-item  abs-img hover-effect-5\" data-wow-duration=\"0.75s\" data-wow-delay=\"0.3s\" style=\"border-radius:50px;\" data-parallax='{\"x\" : 0,\"y\" : 0, \"smoothness\" : 30}' data-top=\"\"><img decoding=\"async\" class=\"parallax-image\" src=\"https:\/\/www.kidder.org.tr\/denetisim\/wp-content\/uploads\/2021\/01\/mock-up.jpg\" alt=\"image\"><\/div><\/div><div class=\"deeper-parallax-item has-width z-index-low\" style=\"left:auto;right:-15%;margin-top:-1%;width:39%;\" data-parallax='{\"x\" : 0,\"y\" : -40, \"smoothness\" : 30}' data-top=\"-1%\"><img decoding=\"async\" class=\"parallax-image\" src=\"https:\/\/www.kidder.org.tr\/denetisim\/wp-content\/uploads\/2020\/06\/shape-04.png\" alt=\"image\"> <\/div><\/div><\/div>[\/vc_column][vc_column]<div class=\"deeper-spacer clearfix\" data-config='{\"desktop\":100,\"mobile\":80,\"smobile\":80}'><\/div>[\/vc_column][\/vc_row][vc_row][vc_column width=&#8221;1\/4&#8243;][vc_single_image image=&#8221;3011&#8243; img_size=&#8221;full&#8221; alignment=&#8221;center&#8221; onclick=&#8221;custom_link&#8221; img_link_target=&#8221;_blank&#8221; link=&#8221;#&#8221;][\/vc_column][vc_column width=&#8221;1\/4&#8243;][vc_single_image image=&#8221;2958&#8243; img_size=&#8221;full&#8221; alignment=&#8221;center&#8221; onclick=&#8221;custom_link&#8221; img_link_target=&#8221;_blank&#8221; link=&#8221;https:\/\/dergipark.org.tr\/tr\/pub\/denetisim&#8221;][\/vc_column][vc_column width=&#8221;1\/4&#8243;][vc_single_image image=&#8221;2957&#8243; img_size=&#8221;full&#8221; alignment=&#8221;center&#8221; onclick=&#8221;custom_link&#8221; img_link_target=&#8221;_blank&#8221; link=&#8221;https:\/\/asosindex.com.tr\/index.jsp?modul=journal-page&amp;journal-id=916&#8243;][\/vc_column][vc_column width=&#8221;1\/4&#8243;][\/vc_column][\/vc_row]<\/p>\n<\/div>","protected":false},"excerpt":{"rendered":"<p>[vc_row full_width=&#8221;stretch_row&#8221; canvas=&#8221;%5B%7B%22shape%22%3A%22shape-1%22%2C%22image_effect%22%3A%22style-1%22%2C%22smoothness%22%3A%2230%22%7D%5D&#8221; el_id=&#8221;slider&#8221;][vc_column][\/vc_column][\/vc_row][vc_row canvas=&#8221;%5B%7B%22shape%22%3A%22shape-1%22%2C%22image_effect%22%3A%22style-1%22%2C%22smoothness%22%3A%2230%22%7D%5D&#8221; el_class=&#8221;overflow-visible&#8221; css=&#8221;.vc_custom_1672849689544{margin-top: -70px !important;}&#8221;][vc_column width=&#8221;1\/3&#8243;][\/vc_column][vc_column width=&#8221;1\/3&#8243;][\/vc_column][vc_column width=&#8221;1\/3&#8243;][\/vc_column][\/vc_row][vc_row full_width=&#8221;stretch_row&#8221; bg_custom=&#8221;row-1800&#8243; bg_color=&#8221;#e4f5fd&#8221; bg_rounded=&#8221;50px&#8221; canvas=&#8221;%5B%7B%22shape%22%3A%22shape-1%22%2C%22image_effect%22%3A%22style-1%22%2C%22smoothness%22%3A%2230%22%7D%5D&#8221; el_id=&#8221;services&#8221; css=&#8221;.vc_custom_1622459910912{padding-top: 20px !important;padding-bottom: 20px !important;background-color: #e4f5fd !important;}&#8221;][vc_column][\/vc_column][vc_column offset=&#8221;vc_col-md-6&#8243;][\/vc_column][vc_column offset=&#8221;vc_col-md-6&#8243;][\/vc_column][vc_column][\/vc_column][\/vc_row][vc_row][vc_column width=&#8221;1\/4&#8243;][vc_single_image image=&#8221;3011&#8243; img_size=&#8221;full&#8221; alignment=&#8221;center&#8221; onclick=&#8221;custom_link&#8221; img_link_target=&#8221;_blank&#8221; link=&#8221;#&#8221;][\/vc_column][vc_column width=&#8221;1\/4&#8243;][vc_single_image image=&#8221;2958&#8243; img_size=&#8221;full&#8221; alignment=&#8221;center&#8221; onclick=&#8221;custom_link&#8221; img_link_target=&#8221;_blank&#8221; link=&#8221;https:\/\/dergipark.org.tr\/tr\/pub\/denetisim&#8221;][\/vc_column][vc_column width=&#8221;1\/4&#8243;][vc_single_image image=&#8221;2957&#8243; img_size=&#8221;full&#8221; alignment=&#8221;center&#8221; onclick=&#8221;custom_link&#8221; img_link_target=&#8221;_blank&#8221; link=&#8221;https:\/\/asosindex.com.tr\/index.jsp?modul=journal-page&amp;journal-id=916&#8243;][\/vc_column][vc_column width=&#8221;1\/4&#8243;][\/vc_column][\/vc_row]<\/p>\n","protected":false},"author":1,"featured_media":0,"parent":0,"menu_order":0,"comment_status":"closed","ping_status":"closed","template":"","meta":{"footnotes":""},"class_list":["post-14","page","type-page","status-publish","hentry"],"_links":{"self":[{"href":"https:\/\/www.kidder.org.tr\/denetisim\/wp-json\/wp\/v2\/pages\/14","targetHints":{"allow":["GET"]}}],"collection":[{"href":"https:\/\/www.kidder.org.tr\/denetisim\/wp-json\/wp\/v2\/pages"}],"about":[{"href":"https:\/\/www.kidder.org.tr\/denetisim\/wp-json\/wp\/v2\/types\/page"}],"author":[{"embeddable":true,"href":"https:\/\/www.kidder.org.tr\/denetisim\/wp-json\/wp\/v2\/users\/1"}],"replies":[{"embeddable":true,"href":"https:\/\/www.kidder.org.tr\/denetisim\/wp-json\/wp\/v2\/comments?post=14"}],"version-history":[{"count":41,"href":"https:\/\/www.kidder.org.tr\/denetisim\/wp-json\/wp\/v2\/pages\/14\/revisions"}],"predecessor-version":[{"id":3183,"href":"https:\/\/www.kidder.org.tr\/denetisim\/wp-json\/wp\/v2\/pages\/14\/revisions\/3183"}],"wp:attachment":[{"href":"https:\/\/www.kidder.org.tr\/denetisim\/wp-json\/wp\/v2\/media?parent=14"}],"curies":[{"name":"wp","href":"https:\/\/api.w.org\/{rel}","templated":true}]}}