{"id":2775,"date":"2020-12-14T14:25:49","date_gmt":"2020-12-14T11:25:49","guid":{"rendered":"https:\/\/www.kidder.org.tr\/denetisim\/?page_id=2775"},"modified":"2023-10-09T20:22:25","modified_gmt":"2023-10-09T17:22:25","slug":"yayin-kurulu","status":"publish","type":"page","link":"https:\/\/www.kidder.org.tr\/denetisim\/yayin-kurulu\/","title":{"rendered":"Yay\u0131n Kurulu"},"content":{"rendered":"<div class=\"wpb-content-wrapper\"><p>[vc_row][vc_column][vc_empty_space][\/vc_column][\/vc_row][vc_row][vc_column][vc_column_text]<\/p>\n<div class=\"vc_row wpb_row vc_row-fluid\">\n<div class=\"row-inner\">\n<div class=\"wpb_column vc_column_container vc_col-sm-12\">\n<div class=\"vc_column-inner\">\n<div class=\"wpb_wrapper\">\n<div class=\"vc_tta-container\" data-vc-action=\"collapse\">\n<div class=\"vc_general vc_tta vc_tta-tabs vc_tta-color-grey vc_tta-style-classic vc_tta-shape-rounded vc_tta-spacing-1 vc_tta-o-no-fill vc_tta-tabs-position-top vc_tta-controls-align-center vc_custom_1513762897648\">\n<div class=\"vc_tta-panels-container\">\n<div class=\"vc_tta-panels\">\n<div class=\"vc_tta-panel vc_active\" id=\"yayin-kurulu\" data-vc-content=\".vc_tta-panel-body\">\n<div class=\"vc_tta-panel-body\">\n<div class=\"wpb_text_column wpb_content_element \">\n<div class=\"wpb_wrapper\">\n<p><strong>DENET\u0130\u015e\u0130M DERG\u0130S\u0130 YAYIN KURULU<\/strong><\/p>\n<p>Dr. Yenal ARSLAN \/ \u00d6\u011fretim \u00dcyesi\u2013Sorumlu Yaz\u0131 \u0130\u015fleri M\u00fcd\u00fcr\u00fc, Ankara Y\u0131ld\u0131r\u0131m Beyaz\u0131t \u00dcniversitesi<\/p>\n<p>Ali Fatih UYSAL \/ \u0130\u00e7 Denet\u00e7i, \u00d6zel Sekt\u00f6r<\/p>\n<p>Ali Kas\u0131m ARKIN\/ \u0130\u00e7 Denet\u00e7i, D\u00fczce \u00dcniversitesi<\/p>\n<p>Dr. Cem \u00c7ET\u0130N \/ \u0130\u00e7 Denetim Birim Ba\u015fkan\u0131, Marmara \u00dcniversitesi<\/p>\n<p>\u00c7etin KARAHAN \/ \u0130\u00e7 Denet\u00e7i, Savunma Sanayii Ba\u015fkanl\u0131\u011f\u0131<\/p>\n<p>Fatih \u00dcNAL \/ \u0130\u00e7 Denet\u00e7i, Konya Necmettin Erbakan \u00dcniversitesi<\/p>\n<p>Dr. Hakan VEL\u0130O\u011eLU\/ \u0130\u00e7 Denet\u00e7i, Tar\u0131m ve Orman Bakanl\u0131\u011f\u0131<\/p>\n<p>Halil \u0130brahim \u00d6ZB\u0130LGER \/ \u0130\u00e7 Denet\u00e7i, Ticaret Bakanl\u0131\u011f\u0131<\/p>\n<p>Do\u00e7. Dr. Halis KIRAL \/\u00d6\u011fretim \u00dcyesi, Ankara Sosyal Bilimler \u00dcniversitesi<\/p>\n<p>Dr. Nihat AKBULUT \/ \u0130\u00e7 Denet\u00e7i, Mill\u00ee E\u011fitim Bakanl\u0131\u011f\u0131<\/p>\n<p>Dr. Sel\u00e7uk OLUM \/ \u0130\u00e7 Denet\u00e7i, Tar\u0131m ve Orman Bakanl\u0131\u011f\u0131<\/p>\n<p>Do\u00e7. Dr. Sezer BOZKU\u015e KAHYAO\u011eLU \/ \u00d6\u011fretim G\u00f6revlisi, \u0130zmir Bak\u0131r\u00e7ay \u00dcniversitesi<\/p>\n<p>\u015eerif Olgun \u00d6ZEN \/ \u0130\u00e7 Denet\u00e7i, Aile \u00c7al\u0131\u015fma ve Sosyal Hizmetler Bakanl\u0131\u011f\u0131<\/p>\n<p><strong>\u00a0<\/strong><\/p>\n<p>Yaz\u0131 g\u00f6nderimini, abonelik ve reklam i\u00e7in; <strong>denetisim@kidder.org.tr <\/strong>veya<strong> kidder@kidder.org.tr<\/strong> adreslerine e-posta g\u00f6nderebilirsiniz.<\/p>\n<p>&nbsp;<\/p>\n<p>Ayr\u0131nt\u0131l\u0131 bilgi al\u0131nabilecek ki\u015filer:<\/p>\n<p>&nbsp;<\/p>\n<ul>\n<li><strong>Yaz\u0131 g\u00f6nderimi\/yay\u0131m\u0131 i\u00e7in \u00a0\u00a0<\/strong>; Dr. Yenal ARSLAN\u00a0 \u00a0 \u00a0(505-662 0361)<\/li>\n<\/ul>\n<p>yenalarslan@aybu.edu.tr<\/p>\n<ul>\n<li><strong>Abonelik i\u015flemleri i\u00e7in<\/strong> ;<strong style=\"font-size: 1rem;\">\u00a0<\/strong><span style=\"font-size: 1rem;\">Serpil CEYLAN \u00a0\u00a0\u00a0(532-510 2885)<\/span><\/li>\n<\/ul>\n<p>srplceylan@gmail.com<\/p>\n<ul>\n<li><strong>Reklam\/Sponsorluk i\u015fleri i\u00e7in<\/strong> ; Dr. Yenal ARSLAN\u00a0 \u00a0 \u00a0(505-662 0361)<\/li>\n<\/ul>\n<p>yenalarslan@aybu.edu.tr<\/p>\n<p>Ali Fatih UYSAL \u00a0\u00a0(505-757 8871)<\/p>\n<p>Sel\u00e7uk OLUM \u00a0\u00a0\u00a0\u00a0\u00a0\u00a0(532-250 8688)<\/p>\n<p><a href=\"mailto:selcukolum@hotmail.com\">selcukolum@hotmail.com<\/a><\/p>\n<\/div>\n<\/div>\n<\/div>\n<\/div>\n<\/div>\n<\/div>\n<\/div>\n<\/div>\n<\/div>\n<\/div>\n<\/div>\n<\/div>\n<\/div>\n<p>[\/vc_column_text][\/vc_column][\/vc_row][vc_row][vc_column][vc_empty_space][\/vc_column][\/vc_row]<\/p>\n<\/div>","protected":false},"excerpt":{"rendered":"<p>[vc_row][vc_column][vc_empty_space][\/vc_column][\/vc_row][vc_row][vc_column][vc_column_text] DENET\u0130\u015e\u0130M DERG\u0130S\u0130 YAYIN KURULU Dr. Yenal ARSLAN \/ \u00d6\u011fretim \u00dcyesi\u2013Sorumlu Yaz\u0131 \u0130\u015fleri M\u00fcd\u00fcr\u00fc, Ankara Y\u0131ld\u0131r\u0131m Beyaz\u0131t \u00dcniversitesi Ali Fatih UYSAL \/ \u0130\u00e7 Denet\u00e7i, \u00d6zel Sekt\u00f6r Ali Kas\u0131m ARKIN\/ \u0130\u00e7 Denet\u00e7i, D\u00fczce \u00dcniversitesi Dr. Cem \u00c7ET\u0130N \/ \u0130\u00e7 Denetim Birim Ba\u015fkan\u0131, Marmara \u00dcniversitesi \u00c7etin KARAHAN \/ \u0130\u00e7 Denet\u00e7i, Savunma Sanayii<\/p>\n","protected":false},"author":1,"featured_media":0,"parent":0,"menu_order":0,"comment_status":"closed","ping_status":"closed","template":"","meta":{"footnotes":""},"class_list":["post-2775","page","type-page","status-publish","hentry"],"_links":{"self":[{"href":"https:\/\/www.kidder.org.tr\/denetisim\/wp-json\/wp\/v2\/pages\/2775","targetHints":{"allow":["GET"]}}],"collection":[{"href":"https:\/\/www.kidder.org.tr\/denetisim\/wp-json\/wp\/v2\/pages"}],"about":[{"href":"https:\/\/www.kidder.org.tr\/denetisim\/wp-json\/wp\/v2\/types\/page"}],"author":[{"embeddable":true,"href":"https:\/\/www.kidder.org.tr\/denetisim\/wp-json\/wp\/v2\/users\/1"}],"replies":[{"embeddable":true,"href":"https:\/\/www.kidder.org.tr\/denetisim\/wp-json\/wp\/v2\/comments?post=2775"}],"version-history":[{"count":9,"href":"https:\/\/www.kidder.org.tr\/denetisim\/wp-json\/wp\/v2\/pages\/2775\/revisions"}],"predecessor-version":[{"id":3087,"href":"https:\/\/www.kidder.org.tr\/denetisim\/wp-json\/wp\/v2\/pages\/2775\/revisions\/3087"}],"wp:attachment":[{"href":"https:\/\/www.kidder.org.tr\/denetisim\/wp-json\/wp\/v2\/media?parent=2775"}],"curies":[{"name":"wp","href":"https:\/\/api.w.org\/{rel}","templated":true}]}}