{"id":2878,"date":"2020-12-15T18:11:50","date_gmt":"2020-12-15T15:11:50","guid":{"rendered":"https:\/\/www.kidder.org.tr\/denetisim\/?page_id=2878"},"modified":"2022-01-30T13:05:19","modified_gmt":"2022-01-30T10:05:19","slug":"yazim-kurallari","status":"publish","type":"page","link":"https:\/\/www.kidder.org.tr\/denetisim\/yazim-kurallari\/","title":{"rendered":"Yaz\u0131m Kurallar\u0131"},"content":{"rendered":"<div class=\"wpb-content-wrapper\"><p>[vc_row][vc_column][vc_empty_space][\/vc_column][\/vc_row][vc_row][vc_column][vc_column_text]<strong>DENET\u0130\u015e\u0130M DERG\u0130S\u0130 <\/strong><\/p>\n<p><strong>YAZIM KURALLARI ve DE\u011eERLEND\u0130RME ESASLARI<\/strong><\/p>\n<p><strong>A &#8211; GENEL ESASLAR<\/strong><\/p>\n<ol>\n<li>Kamu \u0130\u00e7 Denet\u00e7ileri Derne\u011fi (K\u0130DDER)\u2019in yay\u0131n organ\u0131 olan Deneti\u015fim Dergisi, sosyal bilimler alan\u0131nda ve kamu y\u00f6netiminde denetim\/i\u00e7 denetim sisteminin geli\u015fimine katk\u0131 sa\u011flaman\u0131n yan\u0131 s\u0131ra iyi y\u00f6neti\u015fim ilkelerinin yerle\u015fmesini ama\u00e7layan, T\u00dcB\u0130TAK ULAKB\u0130M kriterlerini g\u00f6zeten, bilimsel i\u00e7erikte \u2018hakemli dergi\u2019dir; 6 ayda bir yay\u0131mlan\u0131r. Yay\u0131m dili T\u00fcrk\u00e7edir. (\u0130ngilizce yaz\u0131lm\u0131\u015f makaleler de yay\u0131mlanabilir.)<\/li>\n<li>G\u00f6nderilen yaz\u0131lar derginin kapsam\u0131 ile ilgili olmal\u0131d\u0131r. \u0130\u00e7 denetim, i\u00e7 kontrol, risk y\u00f6netimi, y\u00f6neti\u015fim, s\u00fcre\u00e7 y\u00f6netimi, performans y\u00f6netimi vb. gibi i\u00e7 denetimle do\u011frudan ili\u015fkili konularda yaz\u0131lan makaleler \u00f6ncelikli olarak yay\u0131mlan\u0131r.<\/li>\n<li>G\u00f6nderilen yaz\u0131lar, daha \u00f6nce hi\u00e7bir yay\u0131n organ\u0131nda tam metin olarak yay\u0131mlanmam\u0131\u015f veya yay\u0131mlanmak \u00fczere g\u00f6nderilmemi\u015f olmal\u0131d\u0131r. Daha \u00f6nce ulusal ya da uluslararas\u0131 kongre ya da sempozyumlarda sunulmu\u015f ve \u00f6zet metni bas\u0131lan \u00e7al\u0131\u015fmalar, bu nitelikleri belirtilerek g\u00f6nderilebilir. Yazarlar\u0131n yaz\u0131 g\u00f6ndermeden \u00f6nce Dergimizin kapsam ve politikas\u0131na ili\u015fkin belgeler ile yay\u0131n eti\u011fi kuralar\u0131n\u0131 incelemeleri tavsiye edilir.<\/li>\n<li>G\u00f6nderilen yaz\u0131lar, edit\u00f6r taraf\u0131ndan bir \u00f6n de\u011ferlendirmeye ve intihal sorgulamas\u0131na tabi tutulduktan sonra bir Yay\u0131n Kurulu \u00fcyesi ve iki ba\u011f\u0131ms\u0131z hakemin de\u011ferlendirmesine sunulur. Dergimizde \u00e7ift k\u00f6r hakemli de\u011ferlendirme (double-blind review) sistemi uygulanmaktad\u0131r. Hakem de\u011ferlendirme sistemindeki s\u00fcre\u00e7lerin tamamlanmas\u0131ndan sonra Yay\u0131n Kurulunun belirledi\u011fi s\u0131raya g\u00f6re yay\u0131m s\u00fcrecine al\u0131n\u0131r. De\u011ferlendirme sonucunda yay\u0131mlanmas\u0131 uygun g\u00f6r\u00fclmeyen eserlerle ilgili olarak yazar(lar)\u0131na bilgi verilir.<\/li>\n<li>Yay\u0131mlanmas\u0131 kabul edilen yaz\u0131lar\u0131n b\u00fct\u00fcn haklar\u0131 Deneti\u015fim Dergisine aittir. Dergimizde yay\u0131mlanan yaz\u0131lardan \u201cDeneti\u015fim Dergisi\u201d kaynak g\u00f6sterilerek al\u0131nt\u0131 yap\u0131labilir. Yaz\u0131lar\u0131n i\u00e7eri\u011finden yazarlar\u0131, rekl\u00e2mlar\u0131n i\u00e7eri\u011finden ilan sahipleri sorumludur.<\/li>\n<li>Yaz\u0131lar\u0131n ara\u015ft\u0131rma ve yay\u0131n eti\u011fi kurallar\u0131na uygun olmas\u0131 esas olup, bu hususta COPE (Committee On Publication Ethics) standartlar\u0131 g\u00f6zetilir.<\/li>\n<li>Yay\u0131mlanmas\u0131na karar verilen yaz\u0131lardaki basit yaz\u0131m ve dizim hatalar\u0131, yazara g\u00f6nderilmeksizin Yay\u0131n Kurulunca re\u2019sen d\u00fczeltilebilir.<\/li>\n<li>Yay\u0131mlanan her bir yaz\u0131 i\u00e7in telif \u00fccreti \u00f6denebilir.. \u00d6denecek telif \u00fccretinin tutar\u0131, yay\u0131mlanan yaz\u0131n\u0131n t\u00fcr\u00fc ile bilimsel \u00f6zg\u00fcnl\u00fc\u011f\u00fc ve ara\u015ft\u0131rma yo\u011funlu\u011fu dikkate al\u0131narak Yay\u0131n Kurulu taraf\u0131ndan belirlenir. Telif \u00fccretinin \u00f6denmesi yaz\u0131n\u0131n yay\u0131mlanmas\u0131n\u0131 m\u00fcteakiben yap\u0131l\u0131r.<\/li>\n<li>Yaz\u0131lar, elektronik ortamda \u201cdenetisim@kidder.org.tr\u201d adresine word dosyas\u0131 format\u0131nda g\u00f6nderilmelidir. G\u00f6nderilen e-posta metninde, yazar\u0131n isim ve unvan\u0131, a\u00e7\u0131k adresi, telefon numaras\u0131, e-posta adresi ile telif \u00fccreti \u00f6denebilmesi i\u00e7in gerekli olan T.C. kimlik numaras\u0131 ve banka hesap numaras\u0131 bilgileri belirtilmelidir.<\/li>\n<li>Ayn\u0131 say\u0131 i\u00e7erisinde, ayn\u0131 yazara ait tek yazarl\u0131 birden fazla eser yay\u0131nlanamaz.<\/li>\n<\/ol>\n<p><strong>B &#8211; YAZIM KURALLARI<\/strong><\/p>\n<ol>\n<li>G\u00f6nderilen yaz\u0131lar;\n<ul>\n<li>T\u00fcrk\u00e7e olmal\u0131d\u0131r. \u0130ngilizce yaz\u0131lm\u0131\u015f makaleler de yay\u0131mlanabilir.<\/li>\n<li>\u00d6zet b\u00f6l\u00fcm\u00fc hari\u00e7 4000 kelimeden az 8000 kelimeden \u00e7ok olmamal\u0131d\u0131r.<\/li>\n<li>\u201cTimes New Roman\u201d yaz\u0131 tipinde, 10 punto b\u00fcy\u00fckl\u00fc\u011f\u00fcnde, tek sat\u0131r aral\u0131kl\u0131 (1,0) olacak \u015fekilde iki yana yasl\u0131\/dayal\u0131 bi\u00e7imde yaz\u0131lmal\u0131d\u0131r.<\/li>\n<li>\u201cNormal\u201d sayfa yap\u0131s\u0131nda, \u00fcstten ve alttan 3 cm, sa\u011fdan ve soldan ise 2 cm kenar bo\u015flu\u011fu olacak \u015fekilde, cilt pay\u0131 b\u0131rak\u0131lmadan ve 1 cm sat\u0131r girintisi ile yaz\u0131lmal\u0131d\u0131r.<\/li>\n<li>Bilimsel makale yaz\u0131m kurallar\u0131na ve T\u00fcrk Dil Kurumunca belirlenmi\u015f imla ve yaz\u0131m kurallar\u0131na uygun olmal\u0131d\u0131r.<\/li>\n<\/ul>\n<\/li>\n<li>Yaz\u0131; T\u00fcrk\u00e7e ve \u0130ngilizce ba\u015fl\u0131k, T\u00fcrk\u00e7e ve \u0130ngilizce \u00f6zet, makalede ele al\u0131nan ana konular\u0131 belirten anahtar kelimeler, giri\u015f, geli\u015fme<strong>,<\/strong> konuyla ilgili de\u011ferlendirme ve \u00f6nerilerin \u00f6zetlendi\u011fi sonu\u00e7 b\u00f6l\u00fcmlerinden olu\u015fmal\u0131d\u0131r. \u0130lgili b\u00f6l\u00fcmler a\u015fa\u011f\u0131daki \u015fekilde d\u00fczenlenmi\u015f olmal\u0131d\u0131r.\n<ul>\n<li><strong>BA\u015eLIK ve Yazar Ad\u0131:<\/strong> Yaz\u0131 ba\u015fl\u0131\u011f\u0131, makalenin i\u00e7eri\u011fini yans\u0131tacak \u015fekilde kaleme al\u0131nmal\u0131 ve 10 kelimeyi ge\u00e7meyecek \u015fekilde 14 punto b\u00fcy\u00fckl\u00fc\u011f\u00fcnde, t\u00fcm\u00fc b\u00fcy\u00fck ve kal\u0131n harfli, sayfaya g\u00f6re ortalanm\u0131\u015f olmal\u0131d\u0131r. Bu ba\u015fl\u0131\u011f\u0131n bir sat\u0131r alt\u0131na ise ba\u015fl\u0131k ile ayn\u0131 bi\u00e7imde ancak italik\/e\u011fik \u015fekilde ve parantez i\u00e7inde \u0130ngilizce makale ba\u015fl\u0131\u011f\u0131 da yaz\u0131lmal\u0131d\u0131r. Yazar ya da yazarlar\u0131n adlar\u0131, \u0130ngilizce ba\u015fl\u0131\u011f\u0131n bir sat\u0131r alt\u0131na, sa\u011fa dayal\u0131, italik, 11 punto b\u00fcy\u00fckl\u00fc\u011f\u00fcnde ve kal\u0131n \u015fekilde yaz\u0131lmal\u0131d\u0131r. Yazar ad\u0131n\u0131n ilk harfi b\u00fcy\u00fck sonraki harfleri k\u00fc\u00e7\u00fck, soyad\u0131n\u0131n ise t\u00fcm\u00fc b\u00fcy\u00fck harflerden olu\u015fmal\u0131d\u0131r. Soyad\u0131 bitiminden sonra \u00fczerine * simgesi konulup, bu simge ilk sayfan\u0131n alt\u0131na dipnot \u015feklinde belirtildikten sonra, yazar ya da yazarlar\u0131n unvanlar\u0131, \u00e7al\u0131\u015ft\u0131klar\u0131 kurumlar, Orcid numaralar\u0131 ve e-posta adresleri, aralar\u0131na virg\u00fcl konularak 10 punto b\u00fcy\u00fckl\u00fc\u011f\u00fcnde yaz\u0131lmal\u0131d\u0131r.<\/li>\n<li><strong>\u00d6Z:<\/strong> Bu k\u0131s\u0131mda, yaz\u0131da ele al\u0131nan konu ile \u00f6neri ve sonu\u00e7lar 250 kelimeyi ge\u00e7meyecek \u015fekilde T\u00fcrk\u00e7e olarak \u00f6zetlenmelidir. T\u00fcrk\u00e7e \u00f6zet k\u0131sm\u0131 9 punto b\u00fcy\u00fckl\u00fc\u011f\u00fcnde ve kal\u0131n harflerle iki yana yasl\u0131 olacak bi\u00e7imde yaz\u0131lmal\u0131d\u0131r.<\/li>\n<li><strong>Anahtar Kelimeler:<\/strong> Bu b\u00f6l\u00fcmde yaz\u0131da ele al\u0131nan ana konular\u0131 belirtecek anahtar s\u00f6zc\u00fcklere yer verilmelidir. Anahtar kelimeler 3\u2019ten az ve 5\u2019ten \u00e7ok olmamal\u0131d\u0131r.<\/li>\n<li><strong>Jel Kodlar\u0131:<\/strong> Bu b\u00f6l\u00fcmde yaz\u0131da ele al\u0131nan konulara ili\u015fkin JEL kodlar\u0131na yer verilmelidir.<\/li>\n<li>\u00d6Z, Anahtar Kelimeler ve Jel Kodlar\u0131n\u0131n \u0130ngilizceleri <em>(<strong>ABSTRACT, Keywords, JEL Classification<\/strong>) <\/em>ayn\u0131 s\u0131rayla, anlam fark\u0131 olmaks\u0131z\u0131n, ayn\u0131 bi\u00e7im \u00f6zellikleriyle ancak italik olarak yer almal\u0131d\u0131r.<\/li>\n<li><strong> G\u0130R\u0130\u015e:<\/strong> Giri\u015f b\u00f6l\u00fcm\u00fcnde yaz\u0131n\u0131n konusu, konu ile ilgili \u00f6zet arka plan, yaz\u0131n\u0131n amac\u0131 ve ele al\u0131nan konular ile y\u00f6nteme yer verilmelidir.<\/li>\n<li><strong> A\u00c7IKLAMA, TARTI\u015eMA VE DE\u011eERLEND\u0130RMELER:<\/strong> Bu k\u0131s\u0131mda yaz\u0131n\u0131n konusu ile ilgili mevcut durum analizi yap\u0131lmal\u0131, m\u00fcmk\u00fcnse bu alandaki ulusal ve uluslararas\u0131 uygulama ve standartlar ile geli\u015fmelere yer verilerek mevcut durumun eksiklikleri ve geli\u015ftirilmesi gereken y\u00f6nleri olarak ele al\u0131nmal\u0131 ve bu amaca y\u00f6nelik somut \u00f6neriler geli\u015ftirilmelidir.<\/li>\n<li><strong> SONU\u00c7:<\/strong> Yaz\u0131da ele al\u0131nan konu bu k\u0131s\u0131mda \u00e7ok \u00f6z bir \u015fekilde ele al\u0131nmal\u0131, de\u011ferlendirme ve \u00f6neriler \u00f6zetlenmelidir.<\/li>\n<\/ul>\n<\/li>\n<li>Ekler, Tablo ve \u015eekiller a\u015fa\u011f\u0131daki kurallara g\u00f6re belirtilmelidir.\n<ul>\n<li>Tablo, \u015fekil, grafik ve resimlerin adlar\u0131; bu nesnelerin s\u0131n\u0131rlar\u0131n\u0131 a\u015fmayacak \u015fekilde, \u201cTimes New Roman\u201d yaz\u0131 tipinde, 10 punto b\u00fcy\u00fckl\u00fc\u011f\u00fcnde, s\u00f6zc\u00fcklerin ba\u015f harfleri b\u00fcy\u00fck ve 1 sat\u0131r aral\u0131kl\u0131 olarak nesnelerin \u00fczerine ortalanarak yaz\u0131lmal\u0131d\u0131r. Bu nesneler al\u0131nt\u0131 yap\u0131larak kullan\u0131lm\u0131\u015fsa; al\u0131nt\u0131 yap\u0131lan kaynak nesnenin hemen alt\u0131nda, bu nesnenin s\u0131n\u0131rlar\u0131n\u0131 a\u015fmayacak \u015fekilde, \u201cTimes New Roman\u201d yaz\u0131 tipinde, 10 punto b\u00fcy\u00fckl\u00fc\u011f\u00fcnde, 1 sat\u0131r aral\u0131kl\u0131 olarak ve ortalanarak yaz\u0131lmal\u0131d\u0131r. Bu husus ayr\u0131ca Kaynak\u00e7a k\u0131sm\u0131nda mutlaka belirtilmelidir.<\/li>\n<li>Ekler, Kaynak\u00e7a\u2019dan \u00f6nce verilmelidir. Bunlara metin i\u00e7inde yap\u0131lan g\u00f6ndermeler; (Ek 1: Kurumlara G\u00f6re \u0130\u00e7 Denet\u00e7i Say\u0131lar\u0131 Tablosu), (Ek 2: \u015eekil xx) ya da (Ek 3: yyy Grafi\u011fi) \u015feklinde yap\u0131lmal\u0131d\u0131r.<\/li>\n<\/ul>\n<\/li>\n<li>Dipnot ve yararlan\u0131lan kaynaklar belirtilmeli, dipnotlar sayfan\u0131n alt\u0131nda verilmeli, yararlan\u0131lan kaynaklara metin i\u00e7inde parantez i\u00e7inde, metnin sonunda ise Kaynak\u00e7a b\u00f6l\u00fcm\u00fcnde yer verilmelidir. Dipnotlar ve Kaynak\u00e7a a\u015fa\u011f\u0131daki kurallara uygun olmal\u0131d\u0131r.\n<ul>\n<li>Yararlan\u0131lan kaynaklar \u201cTimes New Roman\u201d yaz\u0131 tipinde, 10 punto b\u00fcy\u00fckl\u00fc\u011f\u00fcnde, metin i\u00e7i kaynak g\u00f6sterme y\u00f6ntemiyle (APA stilinde) yaz\u0131lmal\u0131 ve makalenin sonunda Kaynak\u00e7a b\u00f6l\u00fcm\u00fcnde yer almal\u0131d\u0131r.<\/li>\n<li>Kaynak\u00e7ada yazarlar\u0131n \u00f6nce soyadlar\u0131 ilk harfleri b\u00fcy\u00fck di\u011ferleri k\u00fc\u00e7\u00fck \u015fekilde, sonra adlar\u0131n\u0131n sadece ilk harfleri b\u00fcy\u00fck harfle k\u0131saltma yap\u0131lmak suretiyle yaz\u0131lmal\u0131, yaz\u0131 i\u00e7inde at\u0131f yap\u0131lmayan kaynaklara yer verilmememelidir.<\/li>\n<li>Kaynak\u00e7ada yararlan\u0131lan kaynaklar t\u00fcr\u00fcne bak\u0131lmaks\u0131z\u0131n yazar soyad\u0131na g\u00f6re alfabetik olarak s\u0131ralanmal\u0131d\u0131r.<\/li>\n<li>\u0130nternet \u00fczerinden yararlan\u0131lan kaynaklarda yazar ismi bulunmuyorsa, bu kaynaklar, yazar\u0131 belirli kaynaklar sona erdikten sonra, \u201c\u0130nternet Kaynaklar\u0131\u201d ba\u015fl\u0131\u011f\u0131 alt\u0131nda ve eri\u015fim tarihlerinin kronolojik s\u0131ralamas\u0131 dikkate al\u0131narak yaz\u0131lmal\u0131d\u0131r.<\/li>\n<\/ul>\n<\/li>\n<\/ol>\n<p>\u00c7e\u015fitli kaynaklardan yap\u0131lan al\u0131nt\u0131lamalar i\u00e7in kullan\u0131labilecek \u00f6rnekler a\u015fa\u011f\u0131da ve ekteki makale \u015fablonunda sunulmu\u015ftur.<\/p>\n<p>&nbsp;<\/p>\n<p><em>\u00a0\u00a0\u00a0\u00a0\u00a0\u00a0\u00a0\u00a0\u00a0\u00a0\u00a0 <\/em><strong>Kaynak\u00e7a<\/strong><\/p>\n<p><em>\u00a0\u00a0\u00a0\u00a0\u00a0\u00a0\u00a0\u00a0\u00a0\u00a0\u00a0 Kitap:<\/em><\/p>\n<p>\u0130nalc\u0131k, H. (2017). <em>Osmanl\u0131 imparatorlu\u011fu klasik \u00e7a\u011f (1300-1600)<\/em> (24. bask\u0131). \u0130stanbul:<\/p>\n<p>Yap\u0131 Kredi Yay\u0131nlar\u0131.<\/p>\n<p>&nbsp;<\/p>\n<p>Kepek\u00e7i C. (1998). <em>Ba\u011f\u0131ms\u0131z denetim <\/em>(3. bask\u0131). Ankara: Siyasal Yay\u0131nevi.<\/p>\n<p><em>\u00c7eviri Kitap:<\/em><\/p>\n<p>M\u00fcft\u00fcler M. (2001). <em>T\u00fcrkiye ve AB: So\u011fuk sava\u015f sonras\u0131 ili\u015fkiler<\/em>. (Co\u015fkun Co\u015far, \u00c7ev.). \u0130stanbul: Astra Yay\u0131nlar\u0131.<\/p>\n<p><em>Makale\/Yaz\u0131:<\/em><\/p>\n<p><em>\u00a0\u00a0\u00a0\u00a0\u00a0\u00a0\u00a0\u00a0\u00a0\u00a0\u00a0 <\/em>Okur, M. (2018). Makale \u00f6rne\u011fi. <em>Deneti\u015fim Dergisi<\/em><em>, 1<\/em>(12), 37-38.<\/p>\n<p>&nbsp;<\/p>\n<p>Yazar A., \u00c7izer V., &amp; Okur M. (2018, 20 \u015eubat). \u0130nternetten al\u0131nan yazarl\u0131 yaz\u0131: Yaz\u0131m kurallar\u0131 ve de\u011ferlendirme esaslar\u0131.<em> Kidder.<\/em> <u>http:\/\/www.kidder.org.tr\/?page_id=112<\/u> adresinden al\u0131nd\u0131.<\/p>\n<p><em>Bildiri\/Tez:<\/em><\/p>\n<p>\u00c7izer, V. (2015). Konferans Bildirisi \u00d6rne\u011fi. <em>\u0130\u00e7 denetim konferans\u0131<\/em> (ss. 4-45). Ankara: K\u0130DDER Yay\u0131nlar\u0131.<\/p>\n<p>&nbsp;<\/p>\n<p>Tezci, J. (2016). <em>\u0130\u00e7 denetimin geli\u015fimi<\/em> (Bas\u0131lmam\u0131\u015f doktora tezi). Ankara \u00dcniversitesi, Ankara.<\/p>\n<p>Yukar\u0131daki yaz\u0131m kurallar\u0131na uygun yaz\u0131 \u00f6rne\u011fi i\u00e7in t\u0131klay\u0131n\u0131z: Deneti\u015fim Makale \u015eablonu<\/p>\n<p><strong>C &#8211; YAZI DE\u011eERLEND\u0130RME ESASLARI<\/strong><\/p>\n<ol>\n<li>Dergiye g\u00f6nderilen yaz\u0131lar\u0131n de\u011ferlendirilme s\u00fcreci a\u015fa\u011f\u0131daki \u015fekildedir:\n<ul>\n<li>Dergiye g\u00f6nderilen yaz\u0131lar \u00f6ncelikle Yay\u0131n Kurulu taraf\u0131ndan, intihal sorgulamas\u0131, konu, \u015fekil, i\u00e7erik ve etik kurallar y\u00f6n\u00fcnden de\u011ferlendirmeye tabi tutulur.<\/li>\n<li>Yay\u0131n Kurulunca Makale De\u011ferlendirme Formu (MDF) ile olumlu g\u00f6r\u00fc\u015f bildirilenler, edit\u00f6r taraf\u0131ndan belirlenen iki ba\u011f\u0131ms\u0131z hakemin de\u011ferlendirmesine sunulur. G\u00f6nderilen yaz\u0131n\u0131n kime ait oldu\u011fu konusunda hakemlere, makaleyi de\u011ferlendiren hakemlerin kimlikleri hakk\u0131nda ise yazar(lar)a bilgi verilmez.<\/li>\n<li>Yay\u0131n Kurulu taraf\u0131ndan yap\u0131lan de\u011ferlendirmede olumsuz g\u00f6r\u00fc\u015f bildirilen makale ve yaz\u0131lar, ba\u011f\u0131ms\u0131z hakemlere g\u00f6nderilmez ve yazar(lar)\u0131na bilgilendirme yap\u0131larak (gerek g\u00f6r\u00fclmesi halinde d\u00fczeltme talep edilerek) iade edilir.<\/li>\n<li>Hakemler, Yay\u0131n Kurulu taraf\u0131ndan belirlenen kriterler \u00e7er\u00e7evesinde yapm\u0131\u015f olduklar\u0131 de\u011ferlendirmeler sonucunda yaz\u0131lar\u0131n yay\u0131mlanmas\u0131na, yay\u0131mlanmamas\u0131na ya da d\u00fczeltilmesine y\u00f6nelik Hakem De\u011ferlendirme Raporu (HDR) d\u00fczenlemek suretiyle g\u00f6r\u00fc\u015f bildirilir. Bu g\u00f6r\u00fc\u015flerle birlikte yaz\u0131lar edit\u00f6re iletilir. Hakem raporlar\u0131 gizlidir ve be\u015f y\u0131l s\u00fcreyle saklan\u0131r.<\/li>\n<li>Hakem de\u011ferlendirme raporlar\u0131 aras\u0131nda g\u00f6r\u00fc\u015f farkl\u0131l\u0131\u011f\u0131 oldu\u011fu takdirde makale ya da yaz\u0131lar \u00fc\u00e7\u00fcnc\u00fc bir Hakem Kurulu \u00fcyesi hakeme g\u00f6nderilir ve son bir de\u011ferlendirmeye tabi tutularak her \u00fc\u00e7 hakemin g\u00f6r\u00fc\u015fleriyle birlikte de\u011ferlendirilmek \u00fczere edit\u00f6re iletilir. Gelen hakem de\u011ferlendirme raporlar\u0131 do\u011frultusunda yaz\u0131lar\u0131n yay\u0131mlanmas\u0131na, d\u00fczeltilmesine ya da yay\u0131mlanmamas\u0131na Sorumlu Yaz\u0131 \u0130\u015fleri M\u00fcd\u00fcr\u00fc karar verir. En az 2 hakemden uygun g\u00f6r\u00fc\u015f almayan yaz\u0131lar yay\u0131mlanmaz.<\/li>\n<li>Yap\u0131lan de\u011ferlendirmeler sonucunda d\u00fczeltilmesi y\u00f6n\u00fcnde g\u00f6r\u00fc\u015f bildirilen yaz\u0131lar, d\u00fczeltme \u00f6nerileriyle birlikte yazar(lar)\u0131na g\u00f6nderilerek 15 i\u015f g\u00fcn\u00fc i\u00e7erisinde d\u00fczeltilmesi ve tekrar g\u00f6nderilmesi talep edilir. Yazarlar, hakemlerce d\u00fczeltme istenmesi durumunda g\u00f6nderdikleri yaz\u0131 ile ilgili hakemlerin ele\u015ftiri ve \u00f6nerilerini dikkate almak zorundad\u0131r. D\u00fczeltme yap\u0131lmayan ya da d\u00fczeltilmi\u015f halleri Yay\u0131n Kurulu taraf\u0131ndan yeterli g\u00f6r\u00fclmeyen yaz\u0131lar yay\u0131nlanmaz; yazar(lar)\u0131na bilgilendirme yap\u0131larak iade edilir.<\/li>\n<li>Yay\u0131n Kurulu, gerekli g\u00f6rd\u00fc\u011f\u00fc hallerde, yazar(lar)dan kulland\u0131\u011f\u0131 veri seti, bilgisayar kodu vb. bilgileri talep edebilir.<\/li>\n<\/ul>\n<\/li>\n<li>Bu esaslarda yer almayan \u015fekil kurallar\u0131 ile ilgili d\u00fczeltme yap\u0131lmas\u0131n\u0131 gerektiren durumlarda yap\u0131lacak i\u015fleme Yay\u0131n Kurulu taraf\u0131ndan karar verilir.<\/li>\n<\/ol>\n<p><strong>Deneti\u015fim Dergisi Yay\u0131n Kurulu<\/strong><\/p>\n<p><strong>\u00a0<\/strong>[\/vc_column_text][\/vc_column][\/vc_row][vc_row][vc_column][vc_empty_space][\/vc_column][\/vc_row]<\/p>\n<\/div>","protected":false},"excerpt":{"rendered":"<p>[vc_row][vc_column][vc_empty_space][\/vc_column][\/vc_row][vc_row][vc_column][vc_column_text]DENET\u0130\u015e\u0130M DERG\u0130S\u0130 YAZIM KURALLARI ve DE\u011eERLEND\u0130RME ESASLARI A &#8211; GENEL ESASLAR Kamu \u0130\u00e7 Denet\u00e7ileri Derne\u011fi (K\u0130DDER)\u2019in yay\u0131n organ\u0131 olan Deneti\u015fim Dergisi, sosyal bilimler alan\u0131nda ve kamu y\u00f6netiminde denetim\/i\u00e7 denetim sisteminin geli\u015fimine katk\u0131 sa\u011flaman\u0131n yan\u0131 s\u0131ra iyi y\u00f6neti\u015fim ilkelerinin yerle\u015fmesini ama\u00e7layan, T\u00dcB\u0130TAK ULAKB\u0130M kriterlerini g\u00f6zeten, bilimsel i\u00e7erikte \u2018hakemli dergi\u2019dir; 6 ayda<\/p>\n","protected":false},"author":1,"featured_media":0,"parent":0,"menu_order":0,"comment_status":"closed","ping_status":"closed","template":"","meta":{"footnotes":""},"class_list":["post-2878","page","type-page","status-publish","hentry"],"_links":{"self":[{"href":"https:\/\/www.kidder.org.tr\/denetisim\/wp-json\/wp\/v2\/pages\/2878","targetHints":{"allow":["GET"]}}],"collection":[{"href":"https:\/\/www.kidder.org.tr\/denetisim\/wp-json\/wp\/v2\/pages"}],"about":[{"href":"https:\/\/www.kidder.org.tr\/denetisim\/wp-json\/wp\/v2\/types\/page"}],"author":[{"embeddable":true,"href":"https:\/\/www.kidder.org.tr\/denetisim\/wp-json\/wp\/v2\/users\/1"}],"replies":[{"embeddable":true,"href":"https:\/\/www.kidder.org.tr\/denetisim\/wp-json\/wp\/v2\/comments?post=2878"}],"version-history":[{"count":4,"href":"https:\/\/www.kidder.org.tr\/denetisim\/wp-json\/wp\/v2\/pages\/2878\/revisions"}],"predecessor-version":[{"id":3035,"href":"https:\/\/www.kidder.org.tr\/denetisim\/wp-json\/wp\/v2\/pages\/2878\/revisions\/3035"}],"wp:attachment":[{"href":"https:\/\/www.kidder.org.tr\/denetisim\/wp-json\/wp\/v2\/media?parent=2878"}],"curies":[{"name":"wp","href":"https:\/\/api.w.org\/{rel}","templated":true}]}}