{"id":2883,"date":"2020-12-15T18:19:52","date_gmt":"2020-12-15T15:19:52","guid":{"rendered":"https:\/\/www.kidder.org.tr\/denetisim\/?page_id=2883"},"modified":"2020-12-15T18:19:57","modified_gmt":"2020-12-15T15:19:57","slug":"temel-ilkeler","status":"publish","type":"page","link":"https:\/\/www.kidder.org.tr\/denetisim\/temel-ilkeler\/","title":{"rendered":"Temel \u0130lkeler"},"content":{"rendered":"<div class=\"wpb-content-wrapper\"><p>[vc_row][vc_column][vc_empty_space][\/vc_column][\/vc_row][vc_row][vc_column][vc_column_text]<strong>D<\/strong>inamiklik<\/p>\n<p><strong>E<\/strong>ri\u015filebilirlik<\/p>\n<p><strong>N<\/strong>esnellik<\/p>\n<p><strong>E<\/strong>tkililik<\/p>\n<p><strong>T<\/strong>utarl\u0131l\u0131k<\/p>\n<p><strong>\u0130<\/strong>nsan odakl\u0131l\u0131k<\/p>\n<p><strong>\u015e<\/strong>effafl\u0131k<\/p>\n<p><strong>\u0130<\/strong>novatiflik<\/p>\n<p><strong>M<\/strong>\u00fccadelecilik[\/vc_column_text][\/vc_column][\/vc_row][vc_row][vc_column][vc_empty_space][\/vc_column][\/vc_row]<\/p>\n<\/div>","protected":false},"excerpt":{"rendered":"<p>[vc_row][vc_column][vc_empty_space][\/vc_column][\/vc_row][vc_row][vc_column][vc_column_text]Dinamiklik Eri\u015filebilirlik Nesnellik Etkililik Tutarl\u0131l\u0131k \u0130nsan odakl\u0131l\u0131k \u015eeffafl\u0131k \u0130novatiflik M\u00fccadelecilik[\/vc_column_text][\/vc_column][\/vc_row][vc_row][vc_column][vc_empty_space][\/vc_column][\/vc_row]<\/p>\n","protected":false},"author":1,"featured_media":0,"parent":0,"menu_order":0,"comment_status":"closed","ping_status":"closed","template":"","meta":{"footnotes":""},"class_list":["post-2883","page","type-page","status-publish","hentry"],"_links":{"self":[{"href":"https:\/\/www.kidder.org.tr\/denetisim\/wp-json\/wp\/v2\/pages\/2883","targetHints":{"allow":["GET"]}}],"collection":[{"href":"https:\/\/www.kidder.org.tr\/denetisim\/wp-json\/wp\/v2\/pages"}],"about":[{"href":"https:\/\/www.kidder.org.tr\/denetisim\/wp-json\/wp\/v2\/types\/page"}],"author":[{"embeddable":true,"href":"https:\/\/www.kidder.org.tr\/denetisim\/wp-json\/wp\/v2\/users\/1"}],"replies":[{"embeddable":true,"href":"https:\/\/www.kidder.org.tr\/denetisim\/wp-json\/wp\/v2\/comments?post=2883"}],"version-history":[{"count":1,"href":"https:\/\/www.kidder.org.tr\/denetisim\/wp-json\/wp\/v2\/pages\/2883\/revisions"}],"predecessor-version":[{"id":2884,"href":"https:\/\/www.kidder.org.tr\/denetisim\/wp-json\/wp\/v2\/pages\/2883\/revisions\/2884"}],"wp:attachment":[{"href":"https:\/\/www.kidder.org.tr\/denetisim\/wp-json\/wp\/v2\/media?parent=2883"}],"curies":[{"name":"wp","href":"https:\/\/api.w.org\/{rel}","templated":true}]}}