{"id":2892,"date":"2020-12-15T18:23:21","date_gmt":"2020-12-15T15:23:21","guid":{"rendered":"https:\/\/www.kidder.org.tr\/denetisim\/?page_id=2892"},"modified":"2020-12-15T18:59:59","modified_gmt":"2020-12-15T15:59:59","slug":"kapsam","status":"publish","type":"page","link":"https:\/\/www.kidder.org.tr\/denetisim\/kapsam\/","title":{"rendered":"Kapsam"},"content":{"rendered":"<div class=\"wpb-content-wrapper\"><p>[vc_row][vc_column][vc_empty_space][\/vc_column][\/vc_row][vc_row][vc_column][vc_column_text]<strong>KAPSAMIMIZ\u00a0 <\/strong><\/p>\n<p><strong>\u00a0<\/strong><\/p>\n<p>ULAKB\u0130M TR Dizin s\u0131n\u0131flamas\u0131na g\u00f6re Sosyal ve Be\u015feri Bilimler Veri Taban\u0131nda say\u0131lan Dergimizde;<\/p>\n<p>&nbsp;<\/p>\n<p>&#8211; Y\u00f6netim Modelleri<\/p>\n<ul>\n<li>Ama\u00e7lara G\u00f6re Y\u00f6netim<\/li>\n<li>De\u011fi\u015fim M\u00fchendisli\u011fi<\/li>\n<li>\u00d6\u011frenen \u00d6rg\u00fctler<\/li>\n<li>Toplam Kalite Y\u00f6netimi<\/li>\n<li>Kaizen (S\u00fcrekli \u0130yile\u015ftirme)<\/li>\n<li>Performans Y\u00f6netimi<\/li>\n<li>Y\u00f6neti\u015fim<\/li>\n<li>Stratejik Y\u00f6netim<\/li>\n<\/ul>\n<p>-Kamu Y\u00f6netimi ve Yeni Kamu Yakla\u015f\u0131m\u0131<\/p>\n<p>-\u0130\u00e7 Kontrol<\/p>\n<p>-\u0130\u00e7 Denetim<\/p>\n<p>-Risk Y\u00f6netimi<\/p>\n<p>-Kurumsal Y\u00f6netim<\/p>\n<p>-Denetim T\u00fcr, Yakla\u015f\u0131m ve Metodolojileri<\/p>\n<ul>\n<li>Performans Denetimi<\/li>\n<li>BT Denetimi<\/li>\n<li><\/li>\n<\/ul>\n<p>-Stratejik Planlama<\/p>\n<p>-Performans Esasl\u0131 B\u00fct\u00e7eleme<\/p>\n<p>-Tahakkuk Esasl\u0131 Muhasebe<\/p>\n<p>-Devlet Muhasebesi<\/p>\n<p>-Kamu Y\u00f6netiminin Yeniden Yap\u0131land\u0131r\u0131lmas\u0131<\/p>\n<p>-D\u0131\u015f Denetim<\/p>\n<p>-Kamu Mali Y\u00f6netiminin Temel \u0130lkeleri<\/p>\n<p>-\u0130nsan Kaynaklar\u0131 Y\u00f6netimi<\/p>\n<p>-\u0130nsan Kaynaklar\u0131 Y\u00f6netiminin Temel \u0130lkeleri<\/p>\n<p>-Performans De\u011ferlendirme Y\u00f6ntemleri<\/p>\n<p>-Vs.<\/p>\n<p>konular\u0131na ili\u015fkin ve a\u015fa\u011f\u0131da belirtilen Jel kodlar\u0131 kapsam\u0131ndaki makale, deneme, ara\u015ft\u0131rma, \u00e7eviri, tan\u0131t\u0131m, uygulama \u00f6rne\u011fi, olgu sunumu, vaka analizi t\u00fcr\u00fcnde \u00e7al\u0131\u015fmalar yay\u0131mlanmaktad\u0131r.<\/p>\n<p><strong>Gel codes:<\/strong><\/p>\n<p>&nbsp;<\/p>\n<table>\n<tbody>\n<tr>\n<td width=\"38\">G3<\/td>\n<td>Corporate Finance and Governance<\/td>\n<\/tr>\n<tr>\n<td width=\"38\"><\/td>\n<td>G30 General<\/p>\n<table>\n<tbody>\n<tr>\n<td>G34<\/td>\n<td>Mergers \u2022 Acquisitions \u2022 Restructuring \u2022 Corporate Governance<\/p>\n<table>\n<tbody>\n<tr>\n<td>G38<\/td>\n<td colspan=\"2\">Government Policy and Regulation<\/td>\n<\/tr>\n<tr>\n<td colspan=\"2\"><\/td>\n<\/tr>\n<tr>\n<td width=\"38\"><\/td>\n<td width=\"118\"><\/td>\n<td width=\"118\"><\/td>\n<\/tr>\n<\/tbody>\n<\/table>\n<p>H. Public Economics<\/p>\n<p>&nbsp;<\/p>\n<table>\n<tbody>\n<tr>\n<td width=\"30\"><\/td>\n<td>H00<\/td>\n<td colspan=\"3\">General<\/td>\n<\/tr>\n<tr>\n<td width=\"30\"><\/td>\n<\/tr>\n<tr>\n<td width=\"30\">H1<\/td>\n<td colspan=\"4\">Structure and Scope of Government<\/td>\n<\/tr>\n<tr>\n<td width=\"30\"><\/td>\n<td>H10<\/td>\n<td colspan=\"3\">General<\/td>\n<\/tr>\n<tr>\n<td width=\"30\"><\/td>\n<td>H11<\/td>\n<td colspan=\"3\">Structure, Scope, and Performance of Government<\/td>\n<\/tr>\n<tr>\n<td width=\"30\"><\/td>\n<td>H12<\/td>\n<td colspan=\"3\">Crisis Management<\/td>\n<\/tr>\n<tr>\n<td width=\"30\"><\/td>\n<td>H13<\/td>\n<td colspan=\"3\">Economics of Eminent Domain \u2022 Expropriation \u2022 Nationalization<\/td>\n<\/tr>\n<tr>\n<td width=\"30\"><\/td>\n<td>H19<\/td>\n<td colspan=\"3\">Other<\/td>\n<\/tr>\n<tr>\n<td width=\"30\"><\/td>\n<td colspan=\"3\">Public Administration \u2022 Public Sector Accounting \u00a0and Audits<\/td>\n<\/tr>\n<tr>\n<td width=\"30\"><\/td>\n<td colspan=\"2\">Public Policy<\/td>\n<\/tr>\n<tr>\n<td width=\"30\"><\/td>\n<td width=\"92\"><\/td>\n<td width=\"143\"><\/td>\n<td width=\"142\"><\/td>\n<td width=\"142\"><\/td>\n<\/tr>\n<\/tbody>\n<\/table>\n<p>&nbsp;<\/p>\n<p>M. Business Administration and Business Economics \u2022 Marketing<\/p>\n<p>\u2022 Accounting \u2022 Personnel Economics<\/p>\n<table>\n<tbody>\n<tr>\n<td>M4<\/td>\n<td>Accounting and Auditing<\/td>\n<\/tr>\n<tr>\n<td>O3<\/td>\n<td>Innovation \u2022 Research and Development \u2022 Technological Change \u2022 Intellectual Property Rights<\/td>\n<\/tr>\n<\/tbody>\n<\/table>\n<\/td>\n<\/tr>\n<\/tbody>\n<\/table>\n<\/td>\n<\/tr>\n<\/tbody>\n<\/table>\n<p>Kaynak: (https:\/\/www.aeaweb.org\/econlit\/jelCodes.php?view=jel#M)<\/p>\n<p>[\/vc_column_text][\/vc_column][\/vc_row][vc_row][vc_column][vc_empty_space][\/vc_column][\/vc_row]<\/p>\n<\/div>","protected":false},"excerpt":{"rendered":"<p>[vc_row][vc_column][vc_empty_space][\/vc_column][\/vc_row][vc_row][vc_column][vc_column_text]KAPSAMIMIZ\u00a0 \u00a0 ULAKB\u0130M TR Dizin s\u0131n\u0131flamas\u0131na g\u00f6re Sosyal ve Be\u015feri Bilimler Veri Taban\u0131nda say\u0131lan Dergimizde; &nbsp; &#8211; Y\u00f6netim Modelleri Ama\u00e7lara G\u00f6re Y\u00f6netim De\u011fi\u015fim M\u00fchendisli\u011fi \u00d6\u011frenen \u00d6rg\u00fctler Toplam Kalite Y\u00f6netimi Kaizen (S\u00fcrekli \u0130yile\u015ftirme) Performans Y\u00f6netimi Y\u00f6neti\u015fim Stratejik Y\u00f6netim -Kamu Y\u00f6netimi ve Yeni Kamu Yakla\u015f\u0131m\u0131 -\u0130\u00e7 Kontrol -\u0130\u00e7 Denetim -Risk Y\u00f6netimi -Kurumsal<\/p>\n","protected":false},"author":1,"featured_media":0,"parent":0,"menu_order":0,"comment_status":"closed","ping_status":"closed","template":"","meta":{"footnotes":""},"class_list":["post-2892","page","type-page","status-publish","hentry"],"_links":{"self":[{"href":"https:\/\/www.kidder.org.tr\/denetisim\/wp-json\/wp\/v2\/pages\/2892","targetHints":{"allow":["GET"]}}],"collection":[{"href":"https:\/\/www.kidder.org.tr\/denetisim\/wp-json\/wp\/v2\/pages"}],"about":[{"href":"https:\/\/www.kidder.org.tr\/denetisim\/wp-json\/wp\/v2\/types\/page"}],"author":[{"embeddable":true,"href":"https:\/\/www.kidder.org.tr\/denetisim\/wp-json\/wp\/v2\/users\/1"}],"replies":[{"embeddable":true,"href":"https:\/\/www.kidder.org.tr\/denetisim\/wp-json\/wp\/v2\/comments?post=2892"}],"version-history":[{"count":2,"href":"https:\/\/www.kidder.org.tr\/denetisim\/wp-json\/wp\/v2\/pages\/2892\/revisions"}],"predecessor-version":[{"id":2915,"href":"https:\/\/www.kidder.org.tr\/denetisim\/wp-json\/wp\/v2\/pages\/2892\/revisions\/2915"}],"wp:attachment":[{"href":"https:\/\/www.kidder.org.tr\/denetisim\/wp-json\/wp\/v2\/media?parent=2892"}],"curies":[{"name":"wp","href":"https:\/\/api.w.org\/{rel}","templated":true}]}}