{"id":2974,"date":"2021-01-17T16:23:16","date_gmt":"2021-01-17T13:23:16","guid":{"rendered":"https:\/\/www.kidder.org.tr\/denetisim\/?page_id=2974"},"modified":"2021-01-17T16:23:16","modified_gmt":"2021-01-17T13:23:16","slug":"etik-ilkeler","status":"publish","type":"page","link":"https:\/\/www.kidder.org.tr\/denetisim\/etik-ilkeler\/","title":{"rendered":"Etik \u0130lkeler"},"content":{"rendered":"<div class=\"wpb-content-wrapper\"><p>[vc_row][vc_column][vc_empty_space][\/vc_column][\/vc_row][vc_row][vc_column][vc_column_text]<strong>DENET\u0130\u015e\u0130M DERG\u0130S\u0130<\/strong><\/p>\n<p>&nbsp;<\/p>\n<p><strong>YAYIN ET\u0130\u011e\u0130 \u0130LKELER\u0130 <\/strong><\/p>\n<p><strong>\u00a0<\/strong><\/p>\n<p>Deneti\u015fim Dergisi, akademik ve etik standartlar\u0131 en \u00fcst seviyede sa\u011flama amac\u0131yla Committee on Publication Ethics (COPE) \u00a0taraf\u0131ndan yay\u0131nlanan rehberler ve politikalar* ile Y\u00fcksek\u00f6\u011fretim Kurulu Ba\u015fkanl\u0131\u011f\u0131nca \u00e7\u0131kar\u0131lan \u2018<strong>Y\u00fcksek\u00f6\u011fretim Kurumlar\u0131 Bilimsel Ara\u015ft\u0131rma Ve Yay\u0131n Eti\u011fi Y\u00f6nergesi\u2019nde<\/strong>*<strong> belirtilen <\/strong>etik kurallar\u0131 esas alarak belirledi\u011fi ilke ve kurallar\u0131 uygular.<\/p>\n<p>Dergiye g\u00f6nderilen b\u00fct\u00fcn \u00e7al\u0131\u015fmalar derginin amac\u0131na, ilkelerine ve standartlar\u0131na uygunlu\u011fu ba\u015flang\u0131\u00e7ta Yay\u0131n Kurulu taraf\u0131ndan de\u011ferlendirilir. Yap\u0131lan de\u011ferlendirmede \u0130ntihal, duplikasyon, sahte yazarl\u0131k\/inkar edilen yazarl\u0131k, ara\u015ft\u0131rma\/veri fabrikasyonu, makale dilimleme, dilimleyerek yay\u0131n, telif haklar\u0131 ihlali ve \u00e7\u0131kar \u00e7at\u0131\u015fmas\u0131n\u0131n gizlenmesi gibi durumlar, etik d\u0131\u015f\u0131 davran\u0131\u015flar olarak kabul edilir.<\/p>\n<p>Ayn\u0131 anda birden fazla dergiye sunulan \u00e7al\u0131\u015fmalar ile telif haklar\u0131 ve\/veya intihal gibi yasal ve akademik kriterleri ihlal eden \u00e7al\u0131\u015fmalar de\u011ferlendirilmeye al\u0131nmaz; herhangi bir de\u011ferlendirme a\u015famas\u0131nda ihlal tespit edilenlerin s\u00fcreci derhal durdurularak, yazar(lar)\u0131na iade edilirler. Ortaya \u00e7\u0131kan bir \u00e7\u0131kar \u00e7at\u0131\u015fmas\u0131 durumunda, belirsizlik giderilene kadar makalenin de\u011ferlendirme s\u00fcrecini ask\u0131ya al\u0131n\u0131r.<\/p>\n<p>Sempozyum bildirileri; sunuldu\u011fu yer, toplant\u0131 ve tarihin kaydedilmesi ile ba\u015fka bir yerde yay\u0131nlanmam\u0131\u015f olmas\u0131 \u015fart\u0131yla yay\u0131mlanabilir. Ancak bu yay\u0131n etkinli\u011finden kaynaklanmas\u0131 muhtemel herhangi bir sorunun sorumlulu\u011fu yazara aittir.<\/p>\n<p>Dergiye sunulan \u00e7al\u0131\u015fmalar i\u00e7in &#8220;\u00e7ift k\u00f6r hakem&#8221; de\u011ferlendirme s\u00fcreci uygulan\u0131r. \u0130ki olumlu hakem raporuna sahip bir \u00e7al\u0131\u015fmalar yay\u0131na hak kazan\u0131r. Hakem de\u011ferlendirmelerinin \u00e7eli\u015fmesi veya yetersiz bulunmas\u0131 halinde ek hakem de\u011ferlendirmesine ba\u015fvurulmas\u0131 s\u00f6z konusu olabilir.<\/p>\n<p>Kabul edilen etik kurallara uygun olmayan t\u00fcm makaleler yay\u0131ndan \u00e7\u0131kar\u0131l\u0131r. Buna yay\u0131ndan sonra tespit edilen olas\u0131 kurald\u0131\u015f\u0131, uygunsuzluklar i\u00e7eren makaleler de dahildir. Deneti\u015fim; d\u00fczeltme, tekzip vb. niteli\u011findeki i\u00e7erikleri yay\u0131mlamak konusunda sorumlu davran\u0131r.<\/p>\n<p>Deneti\u015fim, ifade \u00f6zg\u00fcrl\u00fc\u011f\u00fcn\u00fc her ko\u015fulda savunur ve g\u00f6zetir. Deneti\u015fim; \u0131rk\u00e7\u0131, cinsiyet\u00e7i, ayr\u0131mc\u0131 vb. her t\u00fcr i\u00e7eri\u011fi nefret s\u00f6ylemi i\u00e7inde de\u011ferlendirir ve bu i\u00e7erikteki yaz\u0131lar\u0131 s\u00fcrece sokmadan reddetme hakk\u0131n\u0131 kullan\u0131r.<\/p>\n<p>Deneti\u015fim, bilimsel yay\u0131nc\u0131l\u0131k s\u00fcrecinde gizlili\u011fin \u00f6nemini g\u00f6z \u00f6n\u00fcne alarak, yazar, alan edit\u00f6rleri ve hakemlere ili\u015fkin \u00f6zel bilgileri, sadece ara\u015ft\u0131rmaya dair \u015f\u00fcpheli bir suistimali \u00f6nlemek ve buna cevap verme y\u00fck\u00fcml\u00fcl\u00fc\u011f\u00fcn\u00fc yerine getirmek amac\u0131yla payla\u015f\u0131r.<\/p>\n<p>Deneti\u015fim Dergisi&#8217;nde\u00a0uygulanan yay\u0131n s\u00fcre\u00e7leri, bilginin tarafs\u0131z ve sayg\u0131n bir \u015fekilde geli\u015fimine ve da\u011f\u0131t\u0131m\u0131na temel te\u015fkil etmeyi ama\u00e7lar. Yaz\u0131m ve yay\u0131m s\u00fcrecindeki b\u00fct\u00fcn payda\u015flar\u0131n (yazarlar, okuyucular ve ara\u015ft\u0131rmac\u0131lar, yay\u0131nc\u0131, hakemler ve edit\u00f6rlerin) etik ilkelere y\u00f6nelik kurallara uymas\u0131 \u00f6nemli g\u00f6r\u00fclmektedir.<\/p>\n<p>&nbsp;<\/p>\n<p>&nbsp;<\/p>\n<p>&nbsp;<\/p>\n<p><strong>ET\u0130K KURALLAR VE SORUMLULUKLAR<\/strong><\/p>\n<p>Dergiye makale g\u00f6nderen yazarlar, de\u011ferlendirme yapan hakemler ile edit\u00f6rler, a\u015fa\u011f\u0131daki etik kurallara uymay\u0131 taahh\u00fct ederek s\u00f6z konusu kurallar\u0131 ve sorumluluklar\u0131 kabul etmi\u015f olurlar.<\/p>\n<p><strong>\u00a0\u00a0\u00a0\u00a0\u00a0 Yay\u0131nc\u0131n\u0131n Etik Sorumluluklar\u0131<\/strong><\/p>\n<p><strong>\u00a0<\/strong><\/p>\n<p>Deneti\u015fim Dergisi;<\/p>\n<ul>\n<li>Yazarlardan herhangi bir \u015fekilde \u00fccret talep etmemektedir.<\/li>\n<li>Yay\u0131nlanmak \u00fczere g\u00f6nderilen makalenin hakem de\u011ferlendirmelerine dayal\u0131 olarak yay\u0131nlanmas\u0131 karar\u0131n\u0131n verilmesinden, Derginin yay\u0131n kurulu politikalar\u0131ndan ve intihal, hakaret ve telif hakk\u0131 ihlaline kar\u015f\u0131 yasal tedbirlerin al\u0131nmas\u0131ndan sorumludur. Bu kapsamda, gerek g\u00f6r\u00fclmesi halinde yazarlardan izin, r\u0131za formu vb. belgeleri talep eder.<\/li>\n<li>Yaz\u0131lar\u0131n telif hakk\u0131 devrini, Dergi internet sayfas\u0131nda veya Dergipark\u2019ta sunulan form doldurulup imzalanmak suretiyle al\u0131r.<\/li>\n<li>Dergiye g\u00f6nderilen \u00e7al\u0131\u015fmalar, Yay\u0131n Kurulu taraf\u0131ndan \u00a0\u0130ntihal Raporu\u00a0(Turnitin) ile birlikte de\u011ferlendirilmeye al\u0131n\u0131r. TR dizin kriterlerine g\u00f6re kabul edilebilir d\u00fczeydeki benzerlik oran\u0131na sahip \u00e7al\u0131\u015fmalar hakem de\u011ferlendirme s\u00fcrecine kabul edilir.<\/li>\n<li>TR Dizin kriterleri uyar\u0131nca Etik Kurul izni ve\/veya yasal\/\u00f6zel izin al\u0131nmas\u0131n\u0131 gerektiren \u00e7al\u0131\u015fmalarda, izinle ilgili bilgileri (kurul ad\u0131, tarih ve say\u0131 no) makalenin y\u00f6ntem b\u00f6l\u00fcm\u00fcnde ve ayr\u0131ca makale ilk\/son sayfas\u0131nda yer verilmesini sa\u011flar.<\/li>\n<li>Yay\u0131nlanm\u0131\u015f her makalenin m\u00fclkiyet ve telif hakk\u0131n\u0131 korumaya ve her kopyan\u0131n kayd\u0131n\u0131 saklamaya \u00f6zen g\u00f6sterir. Yaz\u0131larda kullan\u0131lan fikir ve sanat eserleri i\u00e7in telif haklar\u0131 d\u00fczenlemelerine riayet edilmesini g\u00f6zetir.<\/li>\n<li>\u0130leti\u015fim gizlili\u011fini m\u00fcmk\u00fcn olan en geni\u015f \u00f6l\u00e7\u00fcde korumay\u0131 taahh\u00fct eder. \u015e\u00fcpheli durumlarda bilgi payla\u015f\u0131m\u0131 yapmadan \u00f6nce ilk sorgulamalar\u0131 yapar.<\/li>\n<li>Yazarlar\u0131n yaz\u0131lar\u0131yla ilgili Yay\u0131n Kurulu veya hakemler taraf\u0131ndan yap\u0131lan d\u00fczeltme taleplerine kat\u0131lmad\u0131klar\u0131 hususlarda gerek\u00e7eleriyle birlikte itiraz etme hakk\u0131n\u0131 ve reddedilen \u00e7al\u0131\u015fmalar\u0131n\u0131 de\u011ferlendirme raporlar\u0131 \u00e7er\u00e7evesinde g\u00f6zden ge\u00e7irerek dergiye yeniden sunma imkan\u0131n\u0131 sa\u011flar.<\/li>\n<\/ul>\n<p><strong>Edit\u00f6rlerin Etik G\u00f6rev ve Sorumluluklar\u0131<\/strong><\/p>\n<p>Edit\u00f6rler;<\/p>\n<p>1- Makale kabul ederken akademik kayg\u0131 ve \u00f6l\u00e7\u00fctleri \u00f6ncelemeli, Dergi politikas\u0131nda belirtilen ilgili alanlara katk\u0131 sa\u011flayacak makaleleri de\u011ferlendirme s\u00fcrecine kabul etmelidir.<\/p>\n<p>2- Bir makaleyi kabul etmek ya da reddetmek i\u00e7in t\u00fcm sorumlulu\u011fa ve yetkiye sahiptir.\u00a0Ancak, kabul veya ret edilen makaleler ile herhangi bir \u00e7\u0131kar \u00e7at\u0131\u015fmas\u0131\/ili\u015fkisi i\u00e7inde olmamal\u0131d\u0131r.<\/p>\n<p>3- Dergiye g\u00f6nderilen makalelerin \u00f6n inceleme, hakemlik, d\u00fczenleme ve yay\u0131nlama s\u00fcre\u00e7lerinin vaktinde ve sa\u011fl\u0131kl\u0131 bir \u015fekilde tamamlanmas\u0131 edit\u00f6rlerin g\u00f6revidir.<\/p>\n<p>4- B\u00fct\u00fcn makaleleri, makalenin entelekt\u00fcel i\u00e7eri\u011fini temel alarak, yazar\u0131n cinsiyet, \u0131rk, etnisite, din, vatanda\u015fl\u0131k veya siyasi de\u011ferlerine bakmaks\u0131z\u0131n adil \u015fekilde de\u011ferlendirmelidirler. Makaleler ile ilgili herhangi bir \u00e7\u0131kar \u00e7at\u0131\u015fmas\u0131 g\u00f6zlemledilerse, bunlar\u0131 a\u00e7\u0131klanmal\u0131d\u0131rlar.<\/p>\n<p>5- Hakemlerin ve yazarlar\u0131n isimlerinin kar\u015f\u0131l\u0131kl\u0131 olarak gizli tutulmas\u0131 ile yaz\u0131lar ile ilgili di\u011fer bilgilerin gizli tutulmas\u0131 edit\u00f6rlerin sorumlulu\u011fudur.<\/p>\n<p>6- Yay\u0131nlanmak \u00fczere g\u00f6nderilen makalelerin intihal taramas\u0131 ve b\u00f6ylece akademik onursuzlu\u011fun \u00f6n\u00fcne ge\u00e7ilmesi i\u00e7in gerekli \u00e7abay\u0131 g\u00f6stermelidir.<\/p>\n<p>7- Yazarlar\u0131n, bilimsel gerek\u00e7e ve nedenlerini belirterek hakem raporlar\u0131na itiraz etmeleri durumda, \u00e7al\u0131\u015fmay\u0131 ve raporlar\u0131 incelemeye almal\u0131d\u0131r.<\/p>\n<p>8- Dergiye katk\u0131s\u0131 olmayan ki\u015fileri yay\u0131n kurulu \u00fcyesi veya yard\u0131mc\u0131 edit\u00f6r olarak g\u00f6stermemelidir.<\/p>\n<p>&nbsp;<\/p>\n<p><strong>Yazarlara \u0130li\u015fkin Etik Kurallar ve Sorumluluklar<\/strong><\/p>\n<p>&nbsp;<\/p>\n<p>Yazarlar;<\/p>\n<p>&nbsp;<\/p>\n<p>1-\u00a0Derginin yay\u0131m, yaz\u0131m ve etik ilkelerini okudu\u011fu ve kabul etti\u011fini, g\u00f6nderilecek makalelerin \u201cyaz\u0131m kurallar\u0131na\u201d uygun haz\u0131rlanmas\u0131n\u0131,<\/p>\n<p>2- G\u00f6nderilen, de\u011ferlendirme a\u015famas\u0131nda olan veya yay\u0131nlanm\u0131\u015f makalelerin ba\u015fka bir dergiye g\u00f6nderilmemesi, de\u011ferlendirme a\u015famas\u0131nda olmamas\u0131 ve yay\u0131nlanmamas\u0131n\u0131,<\/p>\n<p>3-\u00a0Makalenin \u00f6zg\u00fcn oldu\u011funu, intihal i\u00e7ermedi\u011fini (intihal taramas\u0131 her ne kadar Dergi taraf\u0131ndan yap\u0131lacaksa da akademik onursuzluk olan intihalin sonu\u00e7lar\u0131 tamamen yazara y\u00f6nelece\u011fini), ba\u015fka bir ki\u015fi ya da kurumun fikri m\u00fclkiyet haklar\u0131n\u0131 ihlal etmedi\u011fini,<\/p>\n<p>4-\u00a0Yazar s\u0131ras\u0131n\u0131n makaleye katk\u0131 s\u0131ras\u0131na g\u00f6re d\u00fczenlendi\u011fini, yazarlar\u0131n tamam\u0131n\u0131n \u00e7al\u0131\u015fmaya katk\u0131 sa\u011flad\u0131\u011f\u0131ndan emin olundu\u011funu, t\u00fcm yazarlar\u0131n makale \u00fczerinde e\u015fit sorumlulu\u011fa sahip oldu\u011funun kabul edildi\u011fini,<\/p>\n<p>5-\u00a0Yazarl\u0131k i\u00e7in yeterli \u00f6l\u00e7\u00fctleri kar\u015f\u0131lamayan ancak \u00e7al\u0131\u015fmaya katk\u0131s\u0131 olan t\u00fcm bireylere (sadece teknik destek sa\u011flayan, yaz\u0131ma yard\u0131mc\u0131 olan ya da sadece genel bir destek sa\u011flayan, finansal ve materyal deste\u011fi sunan ki\u015filer)\u00a0 \u201cte\u015fekk\u00fcr \/ ek bilgiler\u201d k\u0131sm\u0131nda yer verilece\u011fini,<\/p>\n<p>6- Makalenin bilimsel ve akademik alanlara katk\u0131 sunacak nitelikte oldu\u011funu, sahte verilere yer verilmesinin, veriler ve materyaller \u00fczerinde oynama, silme, \u00e7\u0131karma ya da yorumlanmas\u0131 zor i\u015flemleri atlama, bulgular\u0131 \u00e7arp\u0131tma gibi durumlar\u0131n g\u00fcven k\u0131r\u0131c\u0131 oldu\u011funu,<\/p>\n<p>7-\u00a0Herhangi bir izin al\u0131nmas\u0131 gereklili\u011finde, t\u00fcm izinlerin al\u0131narak hem makale i\u00e7inde ayr\u0131nt\u0131l\u0131 \u015fekilde belirtildi\u011fini, hem de makalenin y\u00fcklenme a\u015famas\u0131nda ek olarak y\u00fcklendi\u011fini,<\/p>\n<p>8-\u00a0Tez, sunum veya bildiriden \u00e7\u0131kart\u0131lm\u0131\u015f makalelerin a\u00e7\u0131k\u00e7a belirtilmesini,<\/p>\n<p>9-\u00a0\u00c7\u0131kar \u00e7at\u0131\u015fmas\u0131 durumunda Derginin bilgilendirilmesini,<\/p>\n<p>10-\u00a0Makalenin literat\u00fcre katk\u0131 sa\u011flayabilmesi ve ba\u015fka yazarlar taraf\u0131ndan kaynak g\u00f6sterilmesi amac\u0131yla i\u00e7eri\u011fin detayl\u0131 olarak sunulmas\u0131n\u0131,<\/p>\n<p>11-\u00a0Yay\u0131n Kurulunun makale de\u011ferlendirme s\u00fcrecini tamamlanmas\u0131n\u0131 beklemeyi, yay\u0131nlanmas\u0131na karar verilen \u00e7al\u0131\u015fmalar\u0131n b\u00fct\u00fcn haklar\u0131n\u0131n yay\u0131n s\u00fcrecinde Dergiye devredilmesini,<\/p>\n<p>12-\u00a0Makalede kullan\u0131lan ham veya i\u015flenmi\u015f verilerin talep edilmesi durumunda Yay\u0131n Kuruluna sunulaca\u011f\u0131n\u0131,<\/p>\n<p>13-\u00a0Makalede kulland\u0131klar\u0131 t\u00fcm al\u0131nt\u0131lar\u0131na referans vermeyi ve at\u0131f verilen kaynaklar\u0131n kabul edilir, g\u00fcvenilir ve tan\u0131n\u0131r yerlerden oldu\u011funu,<\/p>\n<p>14-\u00a0Varsa, makalede kullan\u0131lan fon kaynaklar\u0131n\u0131n do\u011fru ve belirgin \u015fekilde belirtilmesini,<\/p>\n<p>15- Yaz\u0131y\u0131 g\u00f6nderdikten sonra herhangi bir hata fark ederse d\u00fczeltmeleri yaparak derhal Edit\u00f6re bildirmeyi, Yay\u0131n Kurulu ve hakem raporlar\u0131nda istenilen d\u00fczeltmeleri zaman\u0131nda yapmay\u0131,<\/p>\n<p>kabul ve taahh\u00fct ederler.<\/p>\n<p>&nbsp;<\/p>\n<p><strong>Hakemlerin Etik Sorumluluklar\u0131<\/strong><\/p>\n<p>&nbsp;<\/p>\n<p>Hakemler;<\/p>\n<p>&nbsp;<\/p>\n<p>1- B\u00fct\u00fcn makaleleri, makalenin entelekt\u00fcel i\u00e7eri\u011fini temel alarak, yazar\u0131n cinsiyet, \u0131rk, etnisite, din, vatanda\u015fl\u0131k veya siyasi de\u011ferlerine bakmaks\u0131z\u0131n adil \u015fekilde de\u011ferlendirmelidirler.<\/p>\n<p>2- De\u011ferlendirmelerini, d\u00fc\u015fmanca veya k\u0131\u015fk\u0131rt\u0131c\u0131 olmaktan uzak, itham edici veya k\u00fc\u00e7\u00fcmseyici ki\u015fisel yorumlar yapmaktan ka\u00e7\u0131nacak \u015fekilde objektif, \u00f6l\u00e7\u00fcl\u00fc ve yap\u0131c\u0131 yapmal\u0131d\u0131rlar.<\/p>\n<p>3- Makaleleri do\u011fru \u015fekilde de\u011ferlendirmek i\u00e7in gereken uzmanl\u0131k yeterlili\u011fine sahip olmalar\u0131n\u0131 g\u00f6zeterek ve kendilerine verilen s\u00fcre i\u00e7inde de\u011ferlendirirler. (Gereken uzmanl\u0131\u011fa sahip olmad\u0131klar\u0131, k\u00f6r hakemlik gizlili\u011fine riayet edemeyecekleri ve makaleye dair detaylar\u0131 gizli tutamayabilecekleri durumlarda hakemli\u011fini kabul etmemeli ve bu durumu uygun s\u00fcrede Dergiye bildirmelidirler.) Bu ko\u015fullar\u0131n yerine getirilmemesi halinde Edit\u00f6r taraf\u0131ndan ba\u015fka bir hakem atanmas\u0131na itiraz etmemelidirler.<\/p>\n<p>4- Yaln\u0131zca makalelerin i\u00e7eri\u011finin do\u011frulu\u011funu ve akademik \u00f6l\u00e7\u00fctlere uygunlu\u011funu de\u011ferlendirmelidir. Makalede ortaya konan d\u00fc\u015f\u00fcncelerin hakemin d\u00fc\u015f\u00fcncelerinden farkl\u0131 olmas\u0131 de\u011ferlendirmeyi etkilememelidir.<\/p>\n<p>5- De\u011ferlendirme raporlar\u0131nda y\u00fczeysel ve mu\u011flak ifadelerden ka\u00e7\u0131nmal\u0131d\u0131r. Sonucu olumsuz olan de\u011ferlendirmelerde sonucun dayand\u0131\u011f\u0131 eksik ve kusurlu hususlar somut bir \u015fekilde g\u00f6sterilmelidir.<\/p>\n<p>6- G\u00f6zden ge\u00e7irme i\u015flemi s\u0131ras\u0131nda \u00e7\u0131kar \u00e7at\u0131\u015fmas\u0131 g\u00f6zlemliyorlarsa, durumu Edit\u00f6re bildirmelidirler.<\/p>\n<p>7- Makaleyle ilgili t\u00fcm bilgileri gizli tutmal\u0131d\u0131rlar.<\/p>\n<p>8- De\u011ferlendirme s\u00fcreci s\u0131ras\u0131nda elde ettikleri bilgileri, kendi veya ba\u015fkalar\u0131n\u0131n veya ba\u015fka kurulu\u015flar\u0131n avantaj\u0131na veya ba\u015fkalar\u0131n\u0131 dezavantajl\u0131 duruma d\u00fc\u015f\u00fcrmek veya itibar\u0131n\u0131 zay\u0131flatmak i\u00e7in kullanamazlar.<\/p>\n<p>9- Makalenin yay\u0131nlanmas\u0131n\u0131n reddine neden olabilecek herhangi bir bilgi varsa Edit\u00f6re bildirmelidirler.<\/p>\n<p>10-\u00a0Nihai karar\u0131n Yay\u0131n Kurulu yetkisinde oldu\u011funu kabul ederler.<\/p>\n<p>11-\u00a0Dergide yay\u0131mlanacak makalenin akademik kalitesinin en temel tespit edicisi olduklar\u0131n\u0131n bilinciyle ve akademik kaliteyi artt\u0131rma sorumlulu\u011fuyla de\u011ferlendirme yaparalar.<\/p>\n<p>12- Makalenin ba\u015fka bir kaynakla ciddi bir benzerli\u011finin veya ba\u015fka bir ortamda yay\u0131nland\u0131\u011f\u0131n\u0131n tespiti durumunda Edit\u00f6r\u00fcn bilgilendirilece\u011fini taahh\u00fct ederler.<\/p>\n<p><strong>Ara\u015ft\u0131rmalara \u0130li\u015fkin Etik Kurallar<\/strong><\/p>\n<p>1- TR Dizin kriterlerinin etik kurallarla ilgili maddeleri uyar\u0131nca, Dergimizde yay\u0131mlanacak makalelerde etik kurul izni ve\/veya yasal\/\u00f6zel izin al\u0131nmas\u0131n\u0131n gerekip gerekmedi\u011fi makalede belirtilmi\u015f olmal\u0131d\u0131r. E\u011fer bu izinlerin al\u0131nmas\u0131 gerekli ise, iznin hangi kurumdan, hangi tarihte ve hangi karar veya say\u0131 numaras\u0131 ile al\u0131nd\u0131\u011f\u0131 a\u00e7\u0131k\u00e7a sunulmal\u0131d\u0131r.<\/p>\n<p>2- Etik kurul izni gerektiren \u00e7al\u0131\u015fmalar \u015funlard\u0131r:<\/p>\n<ul>\n<li>Anket, m\u00fclakat, odak grup \u00e7al\u0131\u015fmas\u0131, g\u00f6zlem deney, g\u00f6r\u00fc\u015fme teknikleri kullan\u0131larak kat\u0131l\u0131mc\u0131lardan veri toplanmas\u0131n\u0131 gerektiren nitel ya da nicel yakla\u015f\u0131mlarla y\u00fcr\u00fct\u00fclen her t\u00fcrl\u00fc ara\u015ft\u0131rmalar,<\/li>\n<li>\u0130nsan ve hayvanlar\u0131n (materyal\/veriler dahil) deneysel ya da di\u011fer bilimsel ama\u00e7larla kullan\u0131lmas\u0131,<\/li>\n<li>\u0130nsanlar \u00fczerinde yap\u0131lan klinik ara\u015ft\u0131rmalar,<\/li>\n<li>Hayvanlar \u00fczerinde yap\u0131lan ara\u015ft\u0131rmalar,<\/li>\n<li>Ki\u015fisel verilerin korunmas\u0131 kanunu gere\u011fince retrospektif \u00e7al\u0131\u015fmalar.<\/li>\n<\/ul>\n<p>3- 2020 y\u0131l\u0131 \u00f6ncesi ara\u015ft\u0131rma verileri kullan\u0131lm\u0131\u015f, y\u00fcksek lisans\/doktora \u00e7al\u0131\u015fmalar\u0131ndan \u00fcretilmi\u015f (makalede belirtilmelidir), bir \u00f6nceki y\u0131l dergiye yay\u0131n ba\u015fvurusunda bulunulmu\u015f, kabul edilmi\u015f ama hen\u00fcz yay\u0131mlanmam\u0131\u015f makaleler i\u00e7in geriye d\u00f6n\u00fck etik kurul izni gerekmemektedir.<\/p>\n<p>4- Ara\u015ft\u0131rman\u0131n tasarlanmas\u0131, tasar\u0131m\u0131n g\u00f6zden ge\u00e7irilmesi ve ara\u015ft\u0131rman\u0131n y\u00fcr\u00fct\u00fclmesinde, b\u00fct\u00fcnl\u00fck, kalite ve \u015feffafl\u0131k ilkeleri sa\u011flanmal\u0131d\u0131r.<\/p>\n<p>5- Ara\u015ft\u0131rma ekibi ve kat\u0131l\u0131mc\u0131lar, ara\u015ft\u0131rman\u0131n amac\u0131, y\u00f6ntemleri ve \u00f6ng\u00f6r\u00fclen olas\u0131 kullan\u0131mlar\u0131; ara\u015ft\u0131rmaya kat\u0131l\u0131m\u0131n gerektirdikleri ve varsa riskleri hakk\u0131nda tam olarak bilgilendirilmelidir.<\/p>\n<p>6- Ara\u015ft\u0131rma kat\u0131l\u0131mc\u0131lar\u0131n\u0131n sa\u011flad\u0131\u011f\u0131 bilgilerin gizlili\u011fi ve yan\u0131t verenlerin gizlili\u011fi sa\u011flanmal\u0131d\u0131r. Ara\u015ft\u0131rma kat\u0131l\u0131mc\u0131lar\u0131n \u00f6zerkli\u011fini ve sayg\u0131nl\u0131\u011f\u0131n\u0131 koruyacak \u015fekilde tasarlanmal\u0131d\u0131r.<\/p>\n<p>7- Ara\u015ft\u0131rma kat\u0131l\u0131mc\u0131lar\u0131 g\u00f6n\u00fcll\u00fc olarak ara\u015ft\u0131rmada yer almal\u0131, herhangi bir zorlama alt\u0131nda olmamal\u0131d\u0131rlar.<\/p>\n<p>8- Kat\u0131l\u0131mc\u0131lar\u0131n zarar g\u00f6rmesinden ka\u00e7\u0131n\u0131lmal\u0131d\u0131r. Ara\u015ft\u0131rma, kat\u0131l\u0131mc\u0131lar\u0131 riske sokmayacak \u015fekilde planlanmal\u0131d\u0131r.<\/p>\n<p>9- Ara\u015ft\u0131rma ba\u011f\u0131ms\u0131zl\u0131\u011f\u0131yla ilgili a\u00e7\u0131k ve net olunmal\u0131; \u00e7\u0131kar \u00e7at\u0131\u015fmas\u0131 varsa belirtilmelidir.<\/p>\n<p>10- Deneysel \u00e7al\u0131\u015fmalarda, ara\u015ft\u0131rmaya kat\u0131lmaya karar veren kat\u0131l\u0131mc\u0131lar\u0131n yaz\u0131l\u0131 bilgilendirilmi\u015f onay\u0131 al\u0131nmal\u0131d\u0131r. \u00c7ocuklar\u0131n ve vesayet alt\u0131ndakilerin veya tasdiklenmi\u015f ak\u0131l hastal\u0131\u011f\u0131 bulunanlar\u0131n yasal vasisinin onay\u0131 al\u0131nmal\u0131d\u0131r.<\/p>\n<p>11- \u00c7al\u0131\u015fma herhangi bir kurum ya da kurulu\u015fta ger\u00e7ekle\u015ftirilecekse bu kurum ya da kurulu\u015ftan \u00e7al\u0131\u015fma yap\u0131laca\u011f\u0131na dair onay al\u0131nmal\u0131d\u0131r.<\/p>\n<p>12- \u0130nsan \u00f6\u011fesi bulunan \u00e7al\u0131\u015fmalarda, \u201cy\u00f6ntem\u201d b\u00f6l\u00fcm\u00fcnde kat\u0131l\u0131mc\u0131lardan \u201cbilgilendirilmi\u015f onam\u201d al\u0131nd\u0131\u011f\u0131n\u0131n ve \u00e7al\u0131\u015fman\u0131n yap\u0131ld\u0131\u011f\u0131 kurumdan etik kurul onay\u0131 al\u0131nd\u0131\u011f\u0131 belirtilmesi gerekir.<\/p>\n<p>&nbsp;<\/p>\n<p><span><em>*COPE (Code Of Conduct And Best Pract\u0131ce Gu\u0131del\u0131nes For Journal Ed\u0131tors) <\/em><\/span><em>\u00a0<\/em><span><em>ilkelerine<\/em><\/span><em> \u201chttps:\/\/publicationethics.org\/files\/Code_of_conduct_for_journal_editors_Mar11.pdf\u201d adresinden; <\/em><\/p>\n<p><em>\u00a0<\/em><\/p>\n<p><em>**<\/em><strong><em>Y\u00fcksek\u00f6\u011fretim Kurumlar\u0131 Bilimsel Ara\u015ft\u0131rma Ve Yay\u0131n Eti\u011fi Y\u00f6nergesine \u201chttps:\/\/www.yok.gov.tr\/Sayfalar\/Kurumsal\/mevzuat\/bilimsel-arastirma-ve-etik-yonetmeligi.aspx\u201d adresinden ula\u015f\u0131labilir.<\/em><\/strong><\/p>\n<p>[\/vc_column_text][\/vc_column][\/vc_row][vc_row][vc_column][vc_empty_space][\/vc_column][\/vc_row]<\/p>\n<\/div>","protected":false},"excerpt":{"rendered":"<p>[vc_row][vc_column][vc_empty_space][\/vc_column][\/vc_row][vc_row][vc_column][vc_column_text]DENET\u0130\u015e\u0130M DERG\u0130S\u0130 &nbsp; YAYIN ET\u0130\u011e\u0130 \u0130LKELER\u0130 \u00a0 Deneti\u015fim Dergisi, akademik ve etik standartlar\u0131 en \u00fcst seviyede sa\u011flama amac\u0131yla Committee on Publication Ethics (COPE) \u00a0taraf\u0131ndan yay\u0131nlanan rehberler ve politikalar* ile Y\u00fcksek\u00f6\u011fretim Kurulu Ba\u015fkanl\u0131\u011f\u0131nca \u00e7\u0131kar\u0131lan \u2018Y\u00fcksek\u00f6\u011fretim Kurumlar\u0131 Bilimsel Ara\u015ft\u0131rma Ve Yay\u0131n Eti\u011fi Y\u00f6nergesi\u2019nde* belirtilen etik kurallar\u0131 esas alarak belirledi\u011fi ilke ve kurallar\u0131<\/p>\n","protected":false},"author":1,"featured_media":0,"parent":0,"menu_order":0,"comment_status":"closed","ping_status":"closed","template":"","meta":{"footnotes":""},"class_list":["post-2974","page","type-page","status-publish","hentry"],"_links":{"self":[{"href":"https:\/\/www.kidder.org.tr\/denetisim\/wp-json\/wp\/v2\/pages\/2974","targetHints":{"allow":["GET"]}}],"collection":[{"href":"https:\/\/www.kidder.org.tr\/denetisim\/wp-json\/wp\/v2\/pages"}],"about":[{"href":"https:\/\/www.kidder.org.tr\/denetisim\/wp-json\/wp\/v2\/types\/page"}],"author":[{"embeddable":true,"href":"https:\/\/www.kidder.org.tr\/denetisim\/wp-json\/wp\/v2\/users\/1"}],"replies":[{"embeddable":true,"href":"https:\/\/www.kidder.org.tr\/denetisim\/wp-json\/wp\/v2\/comments?post=2974"}],"version-history":[{"count":1,"href":"https:\/\/www.kidder.org.tr\/denetisim\/wp-json\/wp\/v2\/pages\/2974\/revisions"}],"predecessor-version":[{"id":2975,"href":"https:\/\/www.kidder.org.tr\/denetisim\/wp-json\/wp\/v2\/pages\/2974\/revisions\/2975"}],"wp:attachment":[{"href":"https:\/\/www.kidder.org.tr\/denetisim\/wp-json\/wp\/v2\/media?parent=2974"}],"curies":[{"name":"wp","href":"https:\/\/api.w.org\/{rel}","templated":true}]}}