{"id":30,"date":"2020-06-11T07:29:27","date_gmt":"2020-06-11T07:29:27","guid":{"rendered":"http:\/\/ninzio.com\/worksquare\/?page_id=30"},"modified":"2020-12-15T19:00:45","modified_gmt":"2020-12-15T16:00:45","slug":"misyon-ve-vizyon","status":"publish","type":"page","link":"https:\/\/www.kidder.org.tr\/denetisim\/misyon-ve-vizyon\/","title":{"rendered":"Misyon ve Vizyon"},"content":{"rendered":"<div class=\"wpb-content-wrapper\"><p>[vc_row][vc_column][vc_empty_space][\/vc_column][\/vc_row][vc_row][vc_column width=&#8221;1\/2&#8243;][vc_column_text]<\/p>\n<h5>Misyonumuz<\/h5>\n<p>Denetim fonksiyonunun t\u00fcm arg\u00fcmanlar\u0131yla geli\u015ftirilmesini desteklemek suretiyle kamu y\u00f6netiminde \u015feffafl\u0131k, hesap verebilirlik, kat\u0131l\u0131mc\u0131l\u0131k, \u00f6ng\u00f6r\u00fclebilirlik gibi iyi y\u00f6netim ilkelerinin yerle\u015fmesine ve kurumsalla\u015fmaya katk\u0131 sa\u011flamakt\u0131r.[\/vc_column_text][\/vc_column][vc_column width=&#8221;1\/2&#8243;][vc_column_text]<\/p>\n<h5>Vizyonumuz<\/h5>\n<p>Kendi alan\u0131nda ulusal ve uluslararas\u0131 s\u0131n\u0131flama \u00e7er\u00e7evesinde ba\u015fvurulan bir referans kayna\u011f\u0131 olmakt\u0131r.[\/vc_column_text][\/vc_column][\/vc_row][vc_row][vc_column][vc_empty_space][\/vc_column][\/vc_row]<\/p>\n<\/div>","protected":false},"excerpt":{"rendered":"<p>[vc_row][vc_column][vc_empty_space][\/vc_column][\/vc_row][vc_row][vc_column width=&#8221;1\/2&#8243;][vc_column_text] Misyonumuz Denetim fonksiyonunun t\u00fcm arg\u00fcmanlar\u0131yla geli\u015ftirilmesini desteklemek suretiyle kamu y\u00f6netiminde \u015feffafl\u0131k, hesap verebilirlik, kat\u0131l\u0131mc\u0131l\u0131k, \u00f6ng\u00f6r\u00fclebilirlik gibi iyi y\u00f6netim ilkelerinin yerle\u015fmesine ve kurumsalla\u015fmaya katk\u0131 sa\u011flamakt\u0131r.[\/vc_column_text][\/vc_column][vc_column width=&#8221;1\/2&#8243;][vc_column_text] Vizyonumuz Kendi alan\u0131nda ulusal ve uluslararas\u0131 s\u0131n\u0131flama \u00e7er\u00e7evesinde ba\u015fvurulan bir referans kayna\u011f\u0131 olmakt\u0131r.[\/vc_column_text][\/vc_column][\/vc_row][vc_row][vc_column][vc_empty_space][\/vc_column][\/vc_row]<\/p>\n","protected":false},"author":1,"featured_media":0,"parent":0,"menu_order":0,"comment_status":"closed","ping_status":"closed","template":"","meta":{"footnotes":""},"class_list":["post-30","page","type-page","status-publish","hentry"],"_links":{"self":[{"href":"https:\/\/www.kidder.org.tr\/denetisim\/wp-json\/wp\/v2\/pages\/30","targetHints":{"allow":["GET"]}}],"collection":[{"href":"https:\/\/www.kidder.org.tr\/denetisim\/wp-json\/wp\/v2\/pages"}],"about":[{"href":"https:\/\/www.kidder.org.tr\/denetisim\/wp-json\/wp\/v2\/types\/page"}],"author":[{"embeddable":true,"href":"https:\/\/www.kidder.org.tr\/denetisim\/wp-json\/wp\/v2\/users\/1"}],"replies":[{"embeddable":true,"href":"https:\/\/www.kidder.org.tr\/denetisim\/wp-json\/wp\/v2\/comments?post=30"}],"version-history":[{"count":12,"href":"https:\/\/www.kidder.org.tr\/denetisim\/wp-json\/wp\/v2\/pages\/30\/revisions"}],"predecessor-version":[{"id":2882,"href":"https:\/\/www.kidder.org.tr\/denetisim\/wp-json\/wp\/v2\/pages\/30\/revisions\/2882"}],"wp:attachment":[{"href":"https:\/\/www.kidder.org.tr\/denetisim\/wp-json\/wp\/v2\/media?parent=30"}],"curies":[{"name":"wp","href":"https:\/\/api.w.org\/{rel}","templated":true}]}}