{"id":34,"date":"2020-06-11T07:31:59","date_gmt":"2020-06-11T07:31:59","guid":{"rendered":"http:\/\/ninzio.com\/worksquare\/?page_id=34"},"modified":"2023-01-04T19:59:28","modified_gmt":"2023-01-04T16:59:28","slug":"iletisim","status":"publish","type":"page","link":"https:\/\/www.kidder.org.tr\/denetisim\/iletisim\/","title":{"rendered":"\u0130leti\u015fim"},"content":{"rendered":"<div class=\"wpb-content-wrapper\"><p>[vc_row][vc_column][vc_empty_space][\/vc_column][\/vc_row][vc_row][vc_column width=&#8221;1\/2&#8243; offset=&#8221;vc_col-md-6&#8243;]<div class=\"deeper-content-box clearfix ctb-1543776032 hover-effect-3 wow fadeInUp\" style=\"\" data-config='{\"padding\":\"55px 0 60px\",\"mobiPadding\":\"55px 0 60px\",\"margin\":\"0\",\"mobiMargin\":\"0\",\"round\":\"10px\",\"border\":\"1px\",\"borderStyle\":\"solid\",\"borderColor\":\"#e7e7e7\",\"borderColorHover\":\"#ffffff\"}' data-wow-duration=\"0.75s\" data-wow-delay=\"0.3s\">\r\n\t\t\t\t\t<div class=\"inner \" style=\"overflow:hidden;\">\r\n\t\t\t\t\t\t<div class=\"deeper-icon-box clearfix icon-top align-center\" style=\"\" >\n\t\t\t\t\t<div class=\"deeper-icon icon-font icon-214469121\" data-config='{\"color\":\"#ad91db\",\"fontSize\":\"45px\",\"height\":\"40px\",\"lineHeight\":\"40px\",\"margin\":\"0 0 25px 0\"}'>\n\t\t\t\t\t\t\t<span class=\"icon-wrap \"><i class=\"pe-7s-map-2\"><\/i><\/span>\n\t\t\t\t\t\t<\/div> <h3 class=\"heading \" style=\"font-size:20px;letter-spacing:-0.2px;margin-bottom:15px;\">\n\t\t\t\t\t\t<span>Adres<\/span>\n\t\t\t\t\t<\/h3><div class=\"desc \" style=\"font-size:16px;letter-spacing:-0.01px;\"><p>Me\u015frutiyet Mah. Konur Sok.<br \/>\nNo: 36\/6 \u00c7ankaya\/Ankara<\/p>\n<\/div> \n\t\t\t\t<\/div>\r\n\t\t\t\t\t<\/div>\r\n\t\t\t\t<\/div>[\/vc_column][vc_column width=&#8221;1\/2&#8243; offset=&#8221;vc_col-md-6&#8243;]<div class=\"deeper-content-box clearfix ctb-659446579 hover-effect-3 wow fadeInUp\" style=\"\" data-config='{\"padding\":\"55px 0 60px\",\"mobiPadding\":\"55px 0 60px\",\"margin\":\"0\",\"mobiMargin\":\"0\",\"round\":\"10px\",\"border\":\"1px\",\"borderStyle\":\"solid\",\"borderColor\":\"#e7e7e7\",\"borderColorHover\":\"#ffffff\"}' data-wow-duration=\"0.75s\" data-wow-delay=\"0.9s\">\r\n\t\t\t\t\t<div class=\"inner \" style=\"overflow:hidden;\">\r\n\t\t\t\t\t\t<div class=\"deeper-icon-box clearfix icon-top align-center\" style=\"\" >\n\t\t\t\t\t<div class=\"deeper-icon icon-font icon-765703411\" data-config='{\"color\":\"#ad91db\",\"fontSize\":\"45px\",\"height\":\"40px\",\"lineHeight\":\"40px\",\"margin\":\"0 0 25px 0\"}'>\n\t\t\t\t\t\t\t<span class=\"icon-wrap \"><i class=\"pe-7s-mail\"><\/i><\/span>\n\t\t\t\t\t\t<\/div> <h3 class=\"heading \" style=\"font-size:20px;letter-spacing:-0.2px;margin-bottom:15px;\">\n\t\t\t\t\t\t<span>E-Mail<\/span>\n\t\t\t\t\t<\/h3><div class=\"desc \" style=\"font-size:16px;letter-spacing:-0.01px;\"><p>denetisim@kidder.org.tr<br \/>\nkidder@kidder.org.tr<\/p>\n<\/div> \n\t\t\t\t<\/div>\r\n\t\t\t\t\t<\/div>\r\n\t\t\t\t<\/div>[\/vc_column][vc_column][vc_empty_space][\/vc_column][\/vc_row][vc_row][vc_column width=&#8221;1\/2&#8243;]<div class=\"deeper-content-box clearfix ctb-1252183857 hover-effect-3 wow fadeInUp\" style=\"\" data-config='{\"padding\":\"55px 0 60px\",\"mobiPadding\":\"55px 0 60px\",\"margin\":\"0\",\"mobiMargin\":\"0\",\"round\":\"10px\",\"border\":\"1px\",\"borderStyle\":\"solid\",\"borderColor\":\"#e7e7e7\",\"borderColorHover\":\"#ffffff\"}' data-wow-duration=\"0.75s\" data-wow-delay=\"0.3s\">\r\n\t\t\t\t\t<div class=\"inner \" style=\"overflow:hidden;\">\r\n\t\t\t\t\t\t<div class=\"deeper-icon-box clearfix icon-top align-center\" style=\"\" >\n\t\t\t\t\t <h3 class=\"heading \" style=\"font-size:20px;letter-spacing:-0.2px;margin-bottom:15px;\">\n\t\t\t\t\t\t<span>Yaz\u0131 g\u00f6nderimi\/yay\u0131m\u0131 i\u00e7in<\/span>\n\t\t\t\t\t<\/h3><div class=\"desc \" style=\"font-size:16px;letter-spacing:-0.01px;\"><p>Dr. Yenal ARSLAN<br \/>\n+90 (505) 662 03 61<br \/>\nyenalarslan@aybu.edu.tr<\/p>\n<\/div> \n\t\t\t\t<\/div>\r\n\t\t\t\t\t<\/div>\r\n\t\t\t\t<\/div>[\/vc_column][vc_column width=&#8221;1\/2&#8243;]<div class=\"deeper-content-box clearfix ctb-1939167715 hover-effect-3 wow fadeInUp\" style=\"\" data-config='{\"padding\":\"55px 0 60px\",\"mobiPadding\":\"55px 0 60px\",\"margin\":\"0\",\"mobiMargin\":\"0\",\"round\":\"10px\",\"border\":\"1px\",\"borderStyle\":\"solid\",\"borderColor\":\"#e7e7e7\",\"borderColorHover\":\"#ffffff\"}' data-wow-duration=\"0.75s\" data-wow-delay=\"0.3s\">\r\n\t\t\t\t\t<div class=\"inner \" style=\"overflow:hidden;\">\r\n\t\t\t\t\t\t<div class=\"deeper-icon-box clearfix icon-top align-center\" style=\"\" >\n\t\t\t\t\t <h3 class=\"heading \" style=\"font-size:20px;letter-spacing:-0.2px;margin-bottom:15px;\">\n\t\t\t\t\t\t<span>Reklam\/Sponsorluk i\u015fleri i\u00e7in<\/span>\n\t\t\t\t\t<\/h3><div class=\"desc \" style=\"font-size:16px;letter-spacing:-0.01px;\"><p>Dr. Yenal ARSLAN<br \/>\n+90 (505) 662 03 61<br \/>\nyenalarslan@aybu.edu.tr<\/p>\n<p>Ali Fatih UYSAL<br \/>\n+90 (505) 757 88 71<\/p>\n<p>Sel\u00e7uk OLUM<br \/>\n+90 (532) 250 86 88<br \/>\nselcukolum@hotmail.com<\/p>\n<\/div> \n\t\t\t\t<\/div>\r\n\t\t\t\t\t<\/div>\r\n\t\t\t\t<\/div>[\/vc_column][\/vc_row][vc_row][vc_column][vc_empty_space][\/vc_column][\/vc_row]<\/p>\n<\/div>","protected":false},"excerpt":{"rendered":"<p>[vc_row][vc_column][vc_empty_space][\/vc_column][\/vc_row][vc_row][vc_column width=&#8221;1\/2&#8243; offset=&#8221;vc_col-md-6&#8243;][\/vc_column][vc_column width=&#8221;1\/2&#8243; offset=&#8221;vc_col-md-6&#8243;][\/vc_column][vc_column][vc_empty_space][\/vc_column][\/vc_row][vc_row][vc_column width=&#8221;1\/2&#8243;][\/vc_column][vc_column width=&#8221;1\/2&#8243;][\/vc_column][\/vc_row][vc_row][vc_column][vc_empty_space][\/vc_column][\/vc_row]<\/p>\n","protected":false},"author":1,"featured_media":0,"parent":0,"menu_order":0,"comment_status":"closed","ping_status":"closed","template":"","meta":{"footnotes":""},"class_list":["post-34","page","type-page","status-publish","hentry"],"_links":{"self":[{"href":"https:\/\/www.kidder.org.tr\/denetisim\/wp-json\/wp\/v2\/pages\/34","targetHints":{"allow":["GET"]}}],"collection":[{"href":"https:\/\/www.kidder.org.tr\/denetisim\/wp-json\/wp\/v2\/pages"}],"about":[{"href":"https:\/\/www.kidder.org.tr\/denetisim\/wp-json\/wp\/v2\/types\/page"}],"author":[{"embeddable":true,"href":"https:\/\/www.kidder.org.tr\/denetisim\/wp-json\/wp\/v2\/users\/1"}],"replies":[{"embeddable":true,"href":"https:\/\/www.kidder.org.tr\/denetisim\/wp-json\/wp\/v2\/comments?post=34"}],"version-history":[{"count":18,"href":"https:\/\/www.kidder.org.tr\/denetisim\/wp-json\/wp\/v2\/pages\/34\/revisions"}],"predecessor-version":[{"id":3083,"href":"https:\/\/www.kidder.org.tr\/denetisim\/wp-json\/wp\/v2\/pages\/34\/revisions\/3083"}],"wp:attachment":[{"href":"https:\/\/www.kidder.org.tr\/denetisim\/wp-json\/wp\/v2\/media?parent=34"}],"curies":[{"name":"wp","href":"https:\/\/api.w.org\/{rel}","templated":true}]}}